{"id":1130,"date":"2025-03-27T11:11:53","date_gmt":"2025-03-27T10:11:53","guid":{"rendered":"https:\/\/www.renthubsoftware.com\/?page_id=1130"},"modified":"2025-08-22T13:07:16","modified_gmt":"2025-08-22T11:07:16","slug":"software-in-cloud-management-vermietung-verkauf-werkzeuge-service-management-events","status":"publish","type":"page","link":"https:\/\/www.renthubsoftware.com\/de\/software-in-cloud-management-vermietung-verkauf-werkzeuge-service-management-events\/","title":{"rendered":"Cloud-Management-Software f\u00fcr Vermietung und Verkauf von Ausr\u00fcstungen"},"content":{"rendered":"","protected":false},"excerpt":{"rendered":"","protected":false},"author":1,"featured_media":0,"parent":0,"menu_order":0,"comment_status":"closed","ping_status":"closed","template":"","meta":{"footnotes":""},"class_list":["post-1130","page","type-page","status-publish","hentry"],"yoast_head":"<!-- This site is optimized with the Yoast SEO plugin v27.4 - https:\/\/yoast.com\/product\/yoast-seo-wordpress\/ -->\n<title>Cloud-Management-Software f\u00fcr Werkzeugverleih und -verkauf<\/title>\n<meta name=\"description\" content=\"Verwalten Sie Material\/Ressourcen. \u00dcberwachen Sie Ihr Lager, definieren Sie Preise mit der einzigen All-In-One-Software, die auch CRM f\u00fcr Vertr\u00e4ge\/Angebote ist.\" \/>\n<meta name=\"robots\" content=\"index, follow, max-snippet:-1, max-image-preview:large, max-video-preview:-1\" \/>\n<link rel=\"canonical\" href=\"https:\/\/www.renthubsoftware.com\/de\/software-in-cloud-management-vermietung-verkauf-werkzeuge-service-management-events\/\" \/>\n<meta property=\"og:locale\" content=\"de_DE\" \/>\n<meta property=\"og:type\" content=\"article\" \/>\n<meta property=\"og:title\" content=\"Cloud-Management-Software f\u00fcr Werkzeugverleih und -verkauf\" \/>\n<meta property=\"og:description\" content=\"Verwalten Sie Material\/Ressourcen. \u00dcberwachen Sie Ihr Lager, definieren Sie Preise mit der einzigen All-In-One-Software, die auch CRM f\u00fcr Vertr\u00e4ge\/Angebote ist.\" \/>\n<meta property=\"og:url\" content=\"https:\/\/www.renthubsoftware.com\/de\/software-in-cloud-management-vermietung-verkauf-werkzeuge-service-management-events\/\" \/>\n<meta property=\"og:site_name\" content=\"Renthub Software\" \/>\n<meta property=\"article:publisher\" content=\"https:\/\/www.facebook.com\/Renthubsoftware\" \/>\n<meta property=\"article:modified_time\" content=\"2025-08-22T11:07:16+00:00\" \/>\n<meta name=\"twitter:card\" content=\"summary_large_image\" \/>\n<meta name=\"twitter:label1\" content=\"Gesch\u00e4tzte Lesezeit\" \/>\n\t<meta name=\"twitter:data1\" content=\"9\u00a0Minuten\" \/>\n<script type=\"application\/ld+json\" class=\"yoast-schema-graph\">{\"@context\":\"https:\\\/\\\/schema.org\",\"@graph\":[{\"@type\":\"WebPage\",\"@id\":\"https:\\\/\\\/www.renthubsoftware.com\\\/de\\\/software-in-cloud-management-vermietung-verkauf-werkzeuge-service-management-events\\\/\",\"url\":\"https:\\\/\\\/www.renthubsoftware.com\\\/de\\\/software-in-cloud-management-vermietung-verkauf-werkzeuge-service-management-events\\\/\",\"name\":\"Cloud-Management-Software f\u00fcr Werkzeugverleih und -verkauf\",\"isPartOf\":{\"@id\":\"https:\\\/\\\/www.renthubsoftware.com\\\/de\\\/#website\"},\"datePublished\":\"2025-03-27T10:11:53+00:00\",\"dateModified\":\"2025-08-22T11:07:16+00:00\",\"description\":\"Verwalten Sie Material\\\/Ressourcen. \u00dcberwachen Sie Ihr Lager, definieren Sie Preise mit der einzigen All-In-One-Software, die auch CRM f\u00fcr Vertr\u00e4ge\\\/Angebote ist.\",\"breadcrumb\":{\"@id\":\"https:\\\/\\\/www.renthubsoftware.com\\\/de\\\/software-in-cloud-management-vermietung-verkauf-werkzeuge-service-management-events\\\/#breadcrumb\"},\"inLanguage\":\"de\",\"potentialAction\":[{\"@type\":\"ReadAction\",\"target\":[\"https:\\\/\\\/www.renthubsoftware.com\\\/de\\\/software-in-cloud-management-vermietung-verkauf-werkzeuge-service-management-events\\\/\"]}]},{\"@type\":\"BreadcrumbList\",\"@id\":\"https:\\\/\\\/www.renthubsoftware.com\\\/de\\\/software-in-cloud-management-vermietung-verkauf-werkzeuge-service-management-events\\\/#breadcrumb\",\"itemListElement\":[{\"@type\":\"ListItem\",\"position\":1,\"name\":\"Home\",\"item\":\"https:\\\/\\\/www.renthubsoftware.com\\\/de\\\/management-software-cloud-fur-vermietung\\\/\"},{\"@type\":\"ListItem\",\"position\":2,\"name\":\"Cloud-Management-Software f\u00fcr Vermietung und Verkauf von Ausr\u00fcstungen\"}]},{\"@type\":\"WebSite\",\"@id\":\"https:\\\/\\\/www.renthubsoftware.com\\\/de\\\/#website\",\"url\":\"https:\\\/\\\/www.renthubsoftware.com\\\/de\\\/\",\"name\":\"Renthub Software\",\"description\":\"Software for Rental Companies\",\"publisher\":{\"@id\":\"https:\\\/\\\/www.renthubsoftware.com\\\/de\\\/#organization\"},\"potentialAction\":[{\"@type\":\"SearchAction\",\"target\":{\"@type\":\"EntryPoint\",\"urlTemplate\":\"https:\\\/\\\/www.renthubsoftware.com\\\/de\\\/?s={search_term_string}\"},\"query-input\":{\"@type\":\"PropertyValueSpecification\",\"valueRequired\":true,\"valueName\":\"search_term_string\"}}],\"inLanguage\":\"de\"},{\"@type\":\"Organization\",\"@id\":\"https:\\\/\\\/www.renthubsoftware.com\\\/de\\\/#organization\",\"name\":\"Renthub Software\",\"url\":\"https:\\\/\\\/www.renthubsoftware.com\\\/de\\\/\",\"logo\":{\"@type\":\"ImageObject\",\"inLanguage\":\"de\",\"@id\":\"https:\\\/\\\/www.renthubsoftware.com\\\/de\\\/#\\\/schema\\\/logo\\\/image\\\/\",\"url\":\"https:\\\/\\\/eanzaiogum7.exactdn.com\\\/wp-content\\\/uploads\\\/2024\\\/12\\\/renthub-logo-1920.png?strip=all\",\"contentUrl\":\"https:\\\/\\\/eanzaiogum7.exactdn.com\\\/wp-content\\\/uploads\\\/2024\\\/12\\\/renthub-logo-1920.png?strip=all\",\"width\":1920,\"height\":634,\"caption\":\"Renthub Software\"},\"image\":{\"@id\":\"https:\\\/\\\/www.renthubsoftware.com\\\/de\\\/#\\\/schema\\\/logo\\\/image\\\/\"},\"sameAs\":[\"https:\\\/\\\/www.facebook.com\\\/Renthubsoftware\",\"https:\\\/\\\/www.instagram.com\\\/renthubsoftware_italia\\\/\",\"https:\\\/\\\/www.linkedin.com\\\/company\\\/renthubsoftware\"]}]}<\/script>\n<!-- \/ Yoast SEO plugin. -->","yoast_head_json":{"title":"Cloud-Management-Software f\u00fcr Werkzeugverleih und -verkauf","description":"Verwalten Sie Material\/Ressourcen. \u00dcberwachen Sie Ihr Lager, definieren Sie Preise mit der einzigen All-In-One-Software, die auch CRM f\u00fcr Vertr\u00e4ge\/Angebote ist.","robots":{"index":"index","follow":"follow","max-snippet":"max-snippet:-1","max-image-preview":"max-image-preview:large","max-video-preview":"max-video-preview:-1"},"canonical":"https:\/\/www.renthubsoftware.com\/de\/software-in-cloud-management-vermietung-verkauf-werkzeuge-service-management-events\/","og_locale":"de_DE","og_type":"article","og_title":"Cloud-Management-Software f\u00fcr Werkzeugverleih und -verkauf","og_description":"Verwalten Sie Material\/Ressourcen. \u00dcberwachen Sie Ihr Lager, definieren Sie Preise mit der einzigen All-In-One-Software, die auch CRM f\u00fcr Vertr\u00e4ge\/Angebote ist.","og_url":"https:\/\/www.renthubsoftware.com\/de\/software-in-cloud-management-vermietung-verkauf-werkzeuge-service-management-events\/","og_site_name":"Renthub Software","article_publisher":"https:\/\/www.facebook.com\/Renthubsoftware","article_modified_time":"2025-08-22T11:07:16+00:00","twitter_card":"summary_large_image","twitter_misc":{"Gesch\u00e4tzte Lesezeit":"9\u00a0Minuten"},"schema":{"@context":"https:\/\/schema.org","@graph":[{"@type":"WebPage","@id":"https:\/\/www.renthubsoftware.com\/de\/software-in-cloud-management-vermietung-verkauf-werkzeuge-service-management-events\/","url":"https:\/\/www.renthubsoftware.com\/de\/software-in-cloud-management-vermietung-verkauf-werkzeuge-service-management-events\/","name":"Cloud-Management-Software f\u00fcr Werkzeugverleih und -verkauf","isPartOf":{"@id":"https:\/\/www.renthubsoftware.com\/de\/#website"},"datePublished":"2025-03-27T10:11:53+00:00","dateModified":"2025-08-22T11:07:16+00:00","description":"Verwalten Sie Material\/Ressourcen. \u00dcberwachen Sie Ihr Lager, definieren Sie Preise mit der einzigen All-In-One-Software, die auch CRM f\u00fcr Vertr\u00e4ge\/Angebote ist.","breadcrumb":{"@id":"https:\/\/www.renthubsoftware.com\/de\/software-in-cloud-management-vermietung-verkauf-werkzeuge-service-management-events\/#breadcrumb"},"inLanguage":"de","potentialAction":[{"@type":"ReadAction","target":["https:\/\/www.renthubsoftware.com\/de\/software-in-cloud-management-vermietung-verkauf-werkzeuge-service-management-events\/"]}]},{"@type":"BreadcrumbList","@id":"https:\/\/www.renthubsoftware.com\/de\/software-in-cloud-management-vermietung-verkauf-werkzeuge-service-management-events\/#breadcrumb","itemListElement":[{"@type":"ListItem","position":1,"name":"Home","item":"https:\/\/www.renthubsoftware.com\/de\/management-software-cloud-fur-vermietung\/"},{"@type":"ListItem","position":2,"name":"Cloud-Management-Software f\u00fcr Vermietung und Verkauf von Ausr\u00fcstungen"}]},{"@type":"WebSite","@id":"https:\/\/www.renthubsoftware.com\/de\/#website","url":"https:\/\/www.renthubsoftware.com\/de\/","name":"Renthub Software","description":"Software for Rental Companies","publisher":{"@id":"https:\/\/www.renthubsoftware.com\/de\/#organization"},"potentialAction":[{"@type":"SearchAction","target":{"@type":"EntryPoint","urlTemplate":"https:\/\/www.renthubsoftware.com\/de\/?s={search_term_string}"},"query-input":{"@type":"PropertyValueSpecification","valueRequired":true,"valueName":"search_term_string"}}],"inLanguage":"de"},{"@type":"Organization","@id":"https:\/\/www.renthubsoftware.com\/de\/#organization","name":"Renthub Software","url":"https:\/\/www.renthubsoftware.com\/de\/","logo":{"@type":"ImageObject","inLanguage":"de","@id":"https:\/\/www.renthubsoftware.com\/de\/#\/schema\/logo\/image\/","url":"https:\/\/eanzaiogum7.exactdn.com\/wp-content\/uploads\/2024\/12\/renthub-logo-1920.png?strip=all","contentUrl":"https:\/\/eanzaiogum7.exactdn.com\/wp-content\/uploads\/2024\/12\/renthub-logo-1920.png?strip=all","width":1920,"height":634,"caption":"Renthub Software"},"image":{"@id":"https:\/\/www.renthubsoftware.com\/de\/#\/schema\/logo\/image\/"},"sameAs":["https:\/\/www.facebook.com\/Renthubsoftware","https:\/\/www.instagram.com\/renthubsoftware_italia\/","https:\/\/www.linkedin.com\/company\/renthubsoftware"]}]}},"_links":{"self":[{"href":"https:\/\/www.renthubsoftware.com\/de\/wp-json\/wp\/v2\/pages\/1130","targetHints":{"allow":["GET"]}}],"collection":[{"href":"https:\/\/www.renthubsoftware.com\/de\/wp-json\/wp\/v2\/pages"}],"about":[{"href":"https:\/\/www.renthubsoftware.com\/de\/wp-json\/wp\/v2\/types\/page"}],"author":[{"embeddable":true,"href":"https:\/\/www.renthubsoftware.com\/de\/wp-json\/wp\/v2\/users\/1"}],"replies":[{"embeddable":true,"href":"https:\/\/www.renthubsoftware.com\/de\/wp-json\/wp\/v2\/comments?post=1130"}],"version-history":[{"count":3,"href":"https:\/\/www.renthubsoftware.com\/de\/wp-json\/wp\/v2\/pages\/1130\/revisions"}],"predecessor-version":[{"id":2531,"href":"https:\/\/www.renthubsoftware.com\/de\/wp-json\/wp\/v2\/pages\/1130\/revisions\/2531"}],"wp:attachment":[{"href":"https:\/\/www.renthubsoftware.com\/de\/wp-json\/wp\/v2\/media?parent=1130"}],"curies":[{"name":"wp","href":"https:\/\/api.w.org\/{rel}","templated":true}]}}