{"id":1633,"date":"2025-05-07T17:30:54","date_gmt":"2025-05-07T15:30:54","guid":{"rendered":"https:\/\/www.renthubsoftware.com\/?page_id=1633"},"modified":"2025-06-17T14:45:09","modified_gmt":"2025-06-17T12:45:09","slug":"tracking-gps-para-la-gestion-de-alquiler-de-coches","status":"publish","type":"page","link":"https:\/\/www.renthubsoftware.com\/es\/software-de-gestion-en-nube-para-alquiler-de-coches\/tracking-gps-para-la-gestion-de-alquiler-de-coches\/","title":{"rendered":"Tracking GPS para Alquiler de Coches"},"content":{"rendered":"","protected":false},"excerpt":{"rendered":"","protected":false},"author":1,"featured_media":0,"parent":1247,"menu_order":0,"comment_status":"closed","ping_status":"closed","template":"","meta":{"footnotes":""},"class_list":["post-1633","page","type-page","status-publish","hentry"],"yoast_head":"<!-- This site is optimized with the Yoast SEO plugin v27.4 - https:\/\/yoast.com\/product\/yoast-seo-wordpress\/ -->\n<title>Tracking GPS para la Gesti\u00f3n de Alquiler de Coches - Renthub Software<\/title>\n<meta name=\"description\" content=\"Informaci\u00f3n de geolocalizaci\u00f3n en tiempo real. Archivo de datos siempre accesible. Control remoto de puertas y motores. Sistema de notificaci\u00f3n en tiempo real.\" \/>\n<meta name=\"robots\" content=\"index, follow, max-snippet:-1, max-image-preview:large, max-video-preview:-1\" \/>\n<link rel=\"canonical\" href=\"https:\/\/www.renthubsoftware.com\/es\/software-de-gestion-en-nube-para-alquiler-de-coches\/tracking-gps-para-la-gestion-de-alquiler-de-coches\/\" \/>\n<meta property=\"og:locale\" content=\"es_ES\" \/>\n<meta property=\"og:type\" content=\"article\" \/>\n<meta property=\"og:title\" content=\"Tracking GPS para la Gesti\u00f3n de Alquiler de Coches - Renthub Software\" \/>\n<meta property=\"og:description\" content=\"Informaci\u00f3n de geolocalizaci\u00f3n en tiempo real. Archivo de datos siempre accesible. Control remoto de puertas y motores. Sistema de notificaci\u00f3n en tiempo real.\" \/>\n<meta property=\"og:url\" content=\"https:\/\/www.renthubsoftware.com\/es\/software-de-gestion-en-nube-para-alquiler-de-coches\/tracking-gps-para-la-gestion-de-alquiler-de-coches\/\" \/>\n<meta property=\"og:site_name\" content=\"Renthub Software\" \/>\n<meta property=\"article:publisher\" content=\"https:\/\/www.facebook.com\/Renthubsoftware\" \/>\n<meta property=\"article:modified_time\" content=\"2025-06-17T12:45:09+00:00\" \/>\n<meta name=\"twitter:card\" content=\"summary_large_image\" \/>\n<meta name=\"twitter:label1\" content=\"Tiempo de lectura\" \/>\n\t<meta name=\"twitter:data1\" content=\"4 minutos\" \/>\n<script type=\"application\/ld+json\" class=\"yoast-schema-graph\">{\"@context\":\"https:\\\/\\\/schema.org\",\"@graph\":[{\"@type\":\"WebPage\",\"@id\":\"https:\\\/\\\/www.renthubsoftware.com\\\/es\\\/software-de-gestion-en-nube-para-alquiler-de-coches\\\/tracking-gps-para-la-gestion-de-alquiler-de-coches\\\/\",\"url\":\"https:\\\/\\\/www.renthubsoftware.com\\\/es\\\/software-de-gestion-en-nube-para-alquiler-de-coches\\\/tracking-gps-para-la-gestion-de-alquiler-de-coches\\\/\",\"name\":\"Tracking GPS para la Gesti\u00f3n de Alquiler de Coches - Renthub Software\",\"isPartOf\":{\"@id\":\"https:\\\/\\\/www.renthubsoftware.com\\\/es\\\/#website\"},\"datePublished\":\"2025-05-07T15:30:54+00:00\",\"dateModified\":\"2025-06-17T12:45:09+00:00\",\"description\":\"Informaci\u00f3n de geolocalizaci\u00f3n en tiempo real. Archivo de datos siempre accesible. Control remoto de puertas y motores. Sistema de notificaci\u00f3n en tiempo real.\",\"breadcrumb\":{\"@id\":\"https:\\\/\\\/www.renthubsoftware.com\\\/es\\\/software-de-gestion-en-nube-para-alquiler-de-coches\\\/tracking-gps-para-la-gestion-de-alquiler-de-coches\\\/#breadcrumb\"},\"inLanguage\":\"es\",\"potentialAction\":[{\"@type\":\"ReadAction\",\"target\":[\"https:\\\/\\\/www.renthubsoftware.com\\\/es\\\/software-de-gestion-en-nube-para-alquiler-de-coches\\\/tracking-gps-para-la-gestion-de-alquiler-de-coches\\\/\"]}]},{\"@type\":\"BreadcrumbList\",\"@id\":\"https:\\\/\\\/www.renthubsoftware.com\\\/es\\\/software-de-gestion-en-nube-para-alquiler-de-coches\\\/tracking-gps-para-la-gestion-de-alquiler-de-coches\\\/#breadcrumb\",\"itemListElement\":[{\"@type\":\"ListItem\",\"position\":1,\"name\":\"Home\",\"item\":\"https:\\\/\\\/www.renthubsoftware.com\\\/es\\\/software-de-gestion-en-nube-para-alquiler\\\/\"},{\"@type\":\"ListItem\",\"position\":2,\"name\":\"Software de Gesti\u00f3n para Alquiler de Coches\",\"item\":\"https:\\\/\\\/www.renthubsoftware.com\\\/es\\\/software-de-gestion-en-nube-para-alquiler-de-coches\\\/\"},{\"@type\":\"ListItem\",\"position\":3,\"name\":\"Tracking GPS para Alquiler de Coches\"}]},{\"@type\":\"WebSite\",\"@id\":\"https:\\\/\\\/www.renthubsoftware.com\\\/es\\\/#website\",\"url\":\"https:\\\/\\\/www.renthubsoftware.com\\\/es\\\/\",\"name\":\"Renthub Software\",\"description\":\"Software for Rental Companies\",\"publisher\":{\"@id\":\"https:\\\/\\\/www.renthubsoftware.com\\\/es\\\/#organization\"},\"potentialAction\":[{\"@type\":\"SearchAction\",\"target\":{\"@type\":\"EntryPoint\",\"urlTemplate\":\"https:\\\/\\\/www.renthubsoftware.com\\\/es\\\/?s={search_term_string}\"},\"query-input\":{\"@type\":\"PropertyValueSpecification\",\"valueRequired\":true,\"valueName\":\"search_term_string\"}}],\"inLanguage\":\"es\"},{\"@type\":\"Organization\",\"@id\":\"https:\\\/\\\/www.renthubsoftware.com\\\/es\\\/#organization\",\"name\":\"Renthub Software\",\"url\":\"https:\\\/\\\/www.renthubsoftware.com\\\/es\\\/\",\"logo\":{\"@type\":\"ImageObject\",\"inLanguage\":\"es\",\"@id\":\"https:\\\/\\\/www.renthubsoftware.com\\\/es\\\/#\\\/schema\\\/logo\\\/image\\\/\",\"url\":\"https:\\\/\\\/eanzaiogum7.exactdn.com\\\/wp-content\\\/uploads\\\/2024\\\/12\\\/renthub-logo-1920.png?strip=all\",\"contentUrl\":\"https:\\\/\\\/eanzaiogum7.exactdn.com\\\/wp-content\\\/uploads\\\/2024\\\/12\\\/renthub-logo-1920.png?strip=all\",\"width\":1920,\"height\":634,\"caption\":\"Renthub Software\"},\"image\":{\"@id\":\"https:\\\/\\\/www.renthubsoftware.com\\\/es\\\/#\\\/schema\\\/logo\\\/image\\\/\"},\"sameAs\":[\"https:\\\/\\\/www.facebook.com\\\/Renthubsoftware\",\"https:\\\/\\\/www.instagram.com\\\/renthubsoftware_italia\\\/\",\"https:\\\/\\\/www.linkedin.com\\\/company\\\/renthubsoftware\"]}]}<\/script>\n<!-- \/ Yoast SEO plugin. -->","yoast_head_json":{"title":"Tracking GPS para la Gesti\u00f3n de Alquiler de Coches - Renthub Software","description":"Informaci\u00f3n de geolocalizaci\u00f3n en tiempo real. Archivo de datos siempre accesible. Control remoto de puertas y motores. Sistema de notificaci\u00f3n en tiempo real.","robots":{"index":"index","follow":"follow","max-snippet":"max-snippet:-1","max-image-preview":"max-image-preview:large","max-video-preview":"max-video-preview:-1"},"canonical":"https:\/\/www.renthubsoftware.com\/es\/software-de-gestion-en-nube-para-alquiler-de-coches\/tracking-gps-para-la-gestion-de-alquiler-de-coches\/","og_locale":"es_ES","og_type":"article","og_title":"Tracking GPS para la Gesti\u00f3n de Alquiler de Coches - Renthub Software","og_description":"Informaci\u00f3n de geolocalizaci\u00f3n en tiempo real. Archivo de datos siempre accesible. Control remoto de puertas y motores. Sistema de notificaci\u00f3n en tiempo real.","og_url":"https:\/\/www.renthubsoftware.com\/es\/software-de-gestion-en-nube-para-alquiler-de-coches\/tracking-gps-para-la-gestion-de-alquiler-de-coches\/","og_site_name":"Renthub Software","article_publisher":"https:\/\/www.facebook.com\/Renthubsoftware","article_modified_time":"2025-06-17T12:45:09+00:00","twitter_card":"summary_large_image","twitter_misc":{"Tiempo de lectura":"4 minutos"},"schema":{"@context":"https:\/\/schema.org","@graph":[{"@type":"WebPage","@id":"https:\/\/www.renthubsoftware.com\/es\/software-de-gestion-en-nube-para-alquiler-de-coches\/tracking-gps-para-la-gestion-de-alquiler-de-coches\/","url":"https:\/\/www.renthubsoftware.com\/es\/software-de-gestion-en-nube-para-alquiler-de-coches\/tracking-gps-para-la-gestion-de-alquiler-de-coches\/","name":"Tracking GPS para la Gesti\u00f3n de Alquiler de Coches - Renthub Software","isPartOf":{"@id":"https:\/\/www.renthubsoftware.com\/es\/#website"},"datePublished":"2025-05-07T15:30:54+00:00","dateModified":"2025-06-17T12:45:09+00:00","description":"Informaci\u00f3n de geolocalizaci\u00f3n en tiempo real. Archivo de datos siempre accesible. Control remoto de puertas y motores. Sistema de notificaci\u00f3n en tiempo real.","breadcrumb":{"@id":"https:\/\/www.renthubsoftware.com\/es\/software-de-gestion-en-nube-para-alquiler-de-coches\/tracking-gps-para-la-gestion-de-alquiler-de-coches\/#breadcrumb"},"inLanguage":"es","potentialAction":[{"@type":"ReadAction","target":["https:\/\/www.renthubsoftware.com\/es\/software-de-gestion-en-nube-para-alquiler-de-coches\/tracking-gps-para-la-gestion-de-alquiler-de-coches\/"]}]},{"@type":"BreadcrumbList","@id":"https:\/\/www.renthubsoftware.com\/es\/software-de-gestion-en-nube-para-alquiler-de-coches\/tracking-gps-para-la-gestion-de-alquiler-de-coches\/#breadcrumb","itemListElement":[{"@type":"ListItem","position":1,"name":"Home","item":"https:\/\/www.renthubsoftware.com\/es\/software-de-gestion-en-nube-para-alquiler\/"},{"@type":"ListItem","position":2,"name":"Software de Gesti\u00f3n para Alquiler de Coches","item":"https:\/\/www.renthubsoftware.com\/es\/software-de-gestion-en-nube-para-alquiler-de-coches\/"},{"@type":"ListItem","position":3,"name":"Tracking GPS para Alquiler de Coches"}]},{"@type":"WebSite","@id":"https:\/\/www.renthubsoftware.com\/es\/#website","url":"https:\/\/www.renthubsoftware.com\/es\/","name":"Renthub Software","description":"Software for Rental Companies","publisher":{"@id":"https:\/\/www.renthubsoftware.com\/es\/#organization"},"potentialAction":[{"@type":"SearchAction","target":{"@type":"EntryPoint","urlTemplate":"https:\/\/www.renthubsoftware.com\/es\/?s={search_term_string}"},"query-input":{"@type":"PropertyValueSpecification","valueRequired":true,"valueName":"search_term_string"}}],"inLanguage":"es"},{"@type":"Organization","@id":"https:\/\/www.renthubsoftware.com\/es\/#organization","name":"Renthub Software","url":"https:\/\/www.renthubsoftware.com\/es\/","logo":{"@type":"ImageObject","inLanguage":"es","@id":"https:\/\/www.renthubsoftware.com\/es\/#\/schema\/logo\/image\/","url":"https:\/\/eanzaiogum7.exactdn.com\/wp-content\/uploads\/2024\/12\/renthub-logo-1920.png?strip=all","contentUrl":"https:\/\/eanzaiogum7.exactdn.com\/wp-content\/uploads\/2024\/12\/renthub-logo-1920.png?strip=all","width":1920,"height":634,"caption":"Renthub Software"},"image":{"@id":"https:\/\/www.renthubsoftware.com\/es\/#\/schema\/logo\/image\/"},"sameAs":["https:\/\/www.facebook.com\/Renthubsoftware","https:\/\/www.instagram.com\/renthubsoftware_italia\/","https:\/\/www.linkedin.com\/company\/renthubsoftware"]}]}},"_links":{"self":[{"href":"https:\/\/www.renthubsoftware.com\/es\/wp-json\/wp\/v2\/pages\/1633","targetHints":{"allow":["GET"]}}],"collection":[{"href":"https:\/\/www.renthubsoftware.com\/es\/wp-json\/wp\/v2\/pages"}],"about":[{"href":"https:\/\/www.renthubsoftware.com\/es\/wp-json\/wp\/v2\/types\/page"}],"author":[{"embeddable":true,"href":"https:\/\/www.renthubsoftware.com\/es\/wp-json\/wp\/v2\/users\/1"}],"replies":[{"embeddable":true,"href":"https:\/\/www.renthubsoftware.com\/es\/wp-json\/wp\/v2\/comments?post=1633"}],"version-history":[{"count":3,"href":"https:\/\/www.renthubsoftware.com\/es\/wp-json\/wp\/v2\/pages\/1633\/revisions"}],"predecessor-version":[{"id":1960,"href":"https:\/\/www.renthubsoftware.com\/es\/wp-json\/wp\/v2\/pages\/1633\/revisions\/1960"}],"up":[{"embeddable":true,"href":"https:\/\/www.renthubsoftware.com\/es\/wp-json\/wp\/v2\/pages\/1247"}],"wp:attachment":[{"href":"https:\/\/www.renthubsoftware.com\/es\/wp-json\/wp\/v2\/media?parent=1633"}],"curies":[{"name":"wp","href":"https:\/\/api.w.org\/{rel}","templated":true}]}}