{"id":3219,"date":"2025-10-28T15:29:07","date_gmt":"2025-10-28T14:29:07","guid":{"rendered":"https:\/\/www.renthubsoftware.com\/?page_id=3219"},"modified":"2025-10-29T16:34:26","modified_gmt":"2025-10-29T15:34:26","slug":"software-en-la-nube-para-gestion-de-alquiler-de-autos-para-pequenas-medianas-grandes-empresas","status":"publish","type":"page","link":"https:\/\/www.renthubsoftware.com\/es\/software-de-gestion-en-nube-para-alquiler-de-coches\/software-en-la-nube-para-gestion-de-alquiler-de-autos-para-pequenas-medianas-grandes-empresas\/","title":{"rendered":"Software de Gesti\u00f3n para Operaciones de Alquiler de Todos los Tama\u00f1os"},"content":{"rendered":"","protected":false},"excerpt":{"rendered":"","protected":false},"author":1,"featured_media":0,"parent":1247,"menu_order":0,"comment_status":"closed","ping_status":"closed","template":"","meta":{"footnotes":""},"class_list":["post-3219","page","type-page","status-publish","hentry"],"yoast_head":"<!-- This site is optimized with the Yoast SEO plugin v27.3 - https:\/\/yoast.com\/product\/yoast-seo-wordpress\/ -->\n<title>Software de Gesti\u00f3n para Alquileres de Todos los Tama\u00f1os - Renthub Software<\/title>\n<meta name=\"description\" content=\"Se adapta a tus necesidades operativas reales: desde peque\u00f1os negocios locales hasta alquileres estructurados, llegando incluso a las complejas demandas de operaciones empresariales.\" \/>\n<meta name=\"robots\" content=\"index, follow, max-snippet:-1, max-image-preview:large, max-video-preview:-1\" \/>\n<link rel=\"canonical\" href=\"https:\/\/www.renthubsoftware.com\/es\/software-de-gestion-en-nube-para-alquiler-de-coches\/software-en-la-nube-para-gestion-de-alquiler-de-autos-para-pequenas-medianas-grandes-empresas\/\" \/>\n<meta property=\"og:locale\" content=\"es_ES\" \/>\n<meta property=\"og:type\" content=\"article\" \/>\n<meta property=\"og:title\" content=\"Software de Gesti\u00f3n para Alquileres de Todos los Tama\u00f1os - Renthub Software\" \/>\n<meta property=\"og:description\" content=\"Se adapta a tus necesidades operativas reales: desde peque\u00f1os negocios locales hasta alquileres estructurados, llegando incluso a las complejas demandas de operaciones empresariales.\" \/>\n<meta property=\"og:url\" content=\"https:\/\/www.renthubsoftware.com\/es\/software-de-gestion-en-nube-para-alquiler-de-coches\/software-en-la-nube-para-gestion-de-alquiler-de-autos-para-pequenas-medianas-grandes-empresas\/\" \/>\n<meta property=\"og:site_name\" content=\"Renthub Software\" \/>\n<meta property=\"article:publisher\" content=\"https:\/\/www.facebook.com\/Renthubsoftware\" \/>\n<meta property=\"article:modified_time\" content=\"2025-10-29T15:34:26+00:00\" \/>\n<meta name=\"twitter:card\" content=\"summary_large_image\" \/>\n<meta name=\"twitter:label1\" content=\"Tiempo de lectura\" \/>\n\t<meta name=\"twitter:data1\" content=\"13 minutos\" \/>\n<script type=\"application\/ld+json\" class=\"yoast-schema-graph\">{\"@context\":\"https:\\\/\\\/schema.org\",\"@graph\":[{\"@type\":\"WebPage\",\"@id\":\"https:\\\/\\\/www.renthubsoftware.com\\\/es\\\/software-de-gestion-en-nube-para-alquiler-de-coches\\\/software-en-la-nube-para-gestion-de-alquiler-de-autos-para-pequenas-medianas-grandes-empresas\\\/\",\"url\":\"https:\\\/\\\/www.renthubsoftware.com\\\/es\\\/software-de-gestion-en-nube-para-alquiler-de-coches\\\/software-en-la-nube-para-gestion-de-alquiler-de-autos-para-pequenas-medianas-grandes-empresas\\\/\",\"name\":\"Software de Gesti\u00f3n para Alquileres de Todos los Tama\u00f1os - Renthub Software\",\"isPartOf\":{\"@id\":\"https:\\\/\\\/www.renthubsoftware.com\\\/es\\\/#website\"},\"datePublished\":\"2025-10-28T14:29:07+00:00\",\"dateModified\":\"2025-10-29T15:34:26+00:00\",\"description\":\"Se adapta a tus necesidades operativas reales: desde peque\u00f1os negocios locales hasta alquileres estructurados, llegando incluso a las complejas demandas de operaciones empresariales.\",\"breadcrumb\":{\"@id\":\"https:\\\/\\\/www.renthubsoftware.com\\\/es\\\/software-de-gestion-en-nube-para-alquiler-de-coches\\\/software-en-la-nube-para-gestion-de-alquiler-de-autos-para-pequenas-medianas-grandes-empresas\\\/#breadcrumb\"},\"inLanguage\":\"es\",\"potentialAction\":[{\"@type\":\"ReadAction\",\"target\":[\"https:\\\/\\\/www.renthubsoftware.com\\\/es\\\/software-de-gestion-en-nube-para-alquiler-de-coches\\\/software-en-la-nube-para-gestion-de-alquiler-de-autos-para-pequenas-medianas-grandes-empresas\\\/\"]}]},{\"@type\":\"BreadcrumbList\",\"@id\":\"https:\\\/\\\/www.renthubsoftware.com\\\/es\\\/software-de-gestion-en-nube-para-alquiler-de-coches\\\/software-en-la-nube-para-gestion-de-alquiler-de-autos-para-pequenas-medianas-grandes-empresas\\\/#breadcrumb\",\"itemListElement\":[{\"@type\":\"ListItem\",\"position\":1,\"name\":\"Home\",\"item\":\"https:\\\/\\\/www.renthubsoftware.com\\\/es\\\/software-de-gestion-en-nube-para-alquiler\\\/\"},{\"@type\":\"ListItem\",\"position\":2,\"name\":\"Software de Gesti\u00f3n para Operaciones de Alquiler de Todos los Tama\u00f1os\"}]},{\"@type\":\"WebSite\",\"@id\":\"https:\\\/\\\/www.renthubsoftware.com\\\/es\\\/#website\",\"url\":\"https:\\\/\\\/www.renthubsoftware.com\\\/es\\\/\",\"name\":\"Renthub Software\",\"description\":\"Software for Rental Companies\",\"publisher\":{\"@id\":\"https:\\\/\\\/www.renthubsoftware.com\\\/es\\\/#organization\"},\"potentialAction\":[{\"@type\":\"SearchAction\",\"target\":{\"@type\":\"EntryPoint\",\"urlTemplate\":\"https:\\\/\\\/www.renthubsoftware.com\\\/es\\\/?s={search_term_string}\"},\"query-input\":{\"@type\":\"PropertyValueSpecification\",\"valueRequired\":true,\"valueName\":\"search_term_string\"}}],\"inLanguage\":\"es\"},{\"@type\":\"Organization\",\"@id\":\"https:\\\/\\\/www.renthubsoftware.com\\\/es\\\/#organization\",\"name\":\"Renthub Software\",\"url\":\"https:\\\/\\\/www.renthubsoftware.com\\\/es\\\/\",\"logo\":{\"@type\":\"ImageObject\",\"inLanguage\":\"es\",\"@id\":\"https:\\\/\\\/www.renthubsoftware.com\\\/es\\\/#\\\/schema\\\/logo\\\/image\\\/\",\"url\":\"https:\\\/\\\/eanzaiogum7.exactdn.com\\\/wp-content\\\/uploads\\\/2024\\\/12\\\/renthub-logo-1920.png?strip=all\",\"contentUrl\":\"https:\\\/\\\/eanzaiogum7.exactdn.com\\\/wp-content\\\/uploads\\\/2024\\\/12\\\/renthub-logo-1920.png?strip=all\",\"width\":1920,\"height\":634,\"caption\":\"Renthub Software\"},\"image\":{\"@id\":\"https:\\\/\\\/www.renthubsoftware.com\\\/es\\\/#\\\/schema\\\/logo\\\/image\\\/\"},\"sameAs\":[\"https:\\\/\\\/www.facebook.com\\\/Renthubsoftware\",\"https:\\\/\\\/www.instagram.com\\\/renthubsoftware_italia\\\/\",\"https:\\\/\\\/www.linkedin.com\\\/company\\\/renthubsoftware\"]}]}<\/script>\n<!-- \/ Yoast SEO plugin. -->","yoast_head_json":{"title":"Software de Gesti\u00f3n para Alquileres de Todos los Tama\u00f1os - Renthub Software","description":"Se adapta a tus necesidades operativas reales: desde peque\u00f1os negocios locales hasta alquileres estructurados, llegando incluso a las complejas demandas de operaciones empresariales.","robots":{"index":"index","follow":"follow","max-snippet":"max-snippet:-1","max-image-preview":"max-image-preview:large","max-video-preview":"max-video-preview:-1"},"canonical":"https:\/\/www.renthubsoftware.com\/es\/software-de-gestion-en-nube-para-alquiler-de-coches\/software-en-la-nube-para-gestion-de-alquiler-de-autos-para-pequenas-medianas-grandes-empresas\/","og_locale":"es_ES","og_type":"article","og_title":"Software de Gesti\u00f3n para Alquileres de Todos los Tama\u00f1os - Renthub Software","og_description":"Se adapta a tus necesidades operativas reales: desde peque\u00f1os negocios locales hasta alquileres estructurados, llegando incluso a las complejas demandas de operaciones empresariales.","og_url":"https:\/\/www.renthubsoftware.com\/es\/software-de-gestion-en-nube-para-alquiler-de-coches\/software-en-la-nube-para-gestion-de-alquiler-de-autos-para-pequenas-medianas-grandes-empresas\/","og_site_name":"Renthub Software","article_publisher":"https:\/\/www.facebook.com\/Renthubsoftware","article_modified_time":"2025-10-29T15:34:26+00:00","twitter_card":"summary_large_image","twitter_misc":{"Tiempo de lectura":"13 minutos"},"schema":{"@context":"https:\/\/schema.org","@graph":[{"@type":"WebPage","@id":"https:\/\/www.renthubsoftware.com\/es\/software-de-gestion-en-nube-para-alquiler-de-coches\/software-en-la-nube-para-gestion-de-alquiler-de-autos-para-pequenas-medianas-grandes-empresas\/","url":"https:\/\/www.renthubsoftware.com\/es\/software-de-gestion-en-nube-para-alquiler-de-coches\/software-en-la-nube-para-gestion-de-alquiler-de-autos-para-pequenas-medianas-grandes-empresas\/","name":"Software de Gesti\u00f3n para Alquileres de Todos los Tama\u00f1os - Renthub Software","isPartOf":{"@id":"https:\/\/www.renthubsoftware.com\/es\/#website"},"datePublished":"2025-10-28T14:29:07+00:00","dateModified":"2025-10-29T15:34:26+00:00","description":"Se adapta a tus necesidades operativas reales: desde peque\u00f1os negocios locales hasta alquileres estructurados, llegando incluso a las complejas demandas de operaciones empresariales.","breadcrumb":{"@id":"https:\/\/www.renthubsoftware.com\/es\/software-de-gestion-en-nube-para-alquiler-de-coches\/software-en-la-nube-para-gestion-de-alquiler-de-autos-para-pequenas-medianas-grandes-empresas\/#breadcrumb"},"inLanguage":"es","potentialAction":[{"@type":"ReadAction","target":["https:\/\/www.renthubsoftware.com\/es\/software-de-gestion-en-nube-para-alquiler-de-coches\/software-en-la-nube-para-gestion-de-alquiler-de-autos-para-pequenas-medianas-grandes-empresas\/"]}]},{"@type":"BreadcrumbList","@id":"https:\/\/www.renthubsoftware.com\/es\/software-de-gestion-en-nube-para-alquiler-de-coches\/software-en-la-nube-para-gestion-de-alquiler-de-autos-para-pequenas-medianas-grandes-empresas\/#breadcrumb","itemListElement":[{"@type":"ListItem","position":1,"name":"Home","item":"https:\/\/www.renthubsoftware.com\/es\/software-de-gestion-en-nube-para-alquiler\/"},{"@type":"ListItem","position":2,"name":"Software de Gesti\u00f3n para Operaciones de Alquiler de Todos los Tama\u00f1os"}]},{"@type":"WebSite","@id":"https:\/\/www.renthubsoftware.com\/es\/#website","url":"https:\/\/www.renthubsoftware.com\/es\/","name":"Renthub Software","description":"Software for Rental Companies","publisher":{"@id":"https:\/\/www.renthubsoftware.com\/es\/#organization"},"potentialAction":[{"@type":"SearchAction","target":{"@type":"EntryPoint","urlTemplate":"https:\/\/www.renthubsoftware.com\/es\/?s={search_term_string}"},"query-input":{"@type":"PropertyValueSpecification","valueRequired":true,"valueName":"search_term_string"}}],"inLanguage":"es"},{"@type":"Organization","@id":"https:\/\/www.renthubsoftware.com\/es\/#organization","name":"Renthub Software","url":"https:\/\/www.renthubsoftware.com\/es\/","logo":{"@type":"ImageObject","inLanguage":"es","@id":"https:\/\/www.renthubsoftware.com\/es\/#\/schema\/logo\/image\/","url":"https:\/\/eanzaiogum7.exactdn.com\/wp-content\/uploads\/2024\/12\/renthub-logo-1920.png?strip=all","contentUrl":"https:\/\/eanzaiogum7.exactdn.com\/wp-content\/uploads\/2024\/12\/renthub-logo-1920.png?strip=all","width":1920,"height":634,"caption":"Renthub Software"},"image":{"@id":"https:\/\/www.renthubsoftware.com\/es\/#\/schema\/logo\/image\/"},"sameAs":["https:\/\/www.facebook.com\/Renthubsoftware","https:\/\/www.instagram.com\/renthubsoftware_italia\/","https:\/\/www.linkedin.com\/company\/renthubsoftware"]}]}},"_links":{"self":[{"href":"https:\/\/www.renthubsoftware.com\/es\/wp-json\/wp\/v2\/pages\/3219","targetHints":{"allow":["GET"]}}],"collection":[{"href":"https:\/\/www.renthubsoftware.com\/es\/wp-json\/wp\/v2\/pages"}],"about":[{"href":"https:\/\/www.renthubsoftware.com\/es\/wp-json\/wp\/v2\/types\/page"}],"author":[{"embeddable":true,"href":"https:\/\/www.renthubsoftware.com\/es\/wp-json\/wp\/v2\/users\/1"}],"replies":[{"embeddable":true,"href":"https:\/\/www.renthubsoftware.com\/es\/wp-json\/wp\/v2\/comments?post=3219"}],"version-history":[{"count":3,"href":"https:\/\/www.renthubsoftware.com\/es\/wp-json\/wp\/v2\/pages\/3219\/revisions"}],"predecessor-version":[{"id":3241,"href":"https:\/\/www.renthubsoftware.com\/es\/wp-json\/wp\/v2\/pages\/3219\/revisions\/3241"}],"up":[{"embeddable":true,"href":"https:\/\/www.renthubsoftware.com\/es\/wp-json\/wp\/v2\/pages\/1247"}],"wp:attachment":[{"href":"https:\/\/www.renthubsoftware.com\/es\/wp-json\/wp\/v2\/media?parent=3219"}],"curies":[{"name":"wp","href":"https:\/\/api.w.org\/{rel}","templated":true}]}}