{"id":1752,"date":"2025-06-04T11:49:10","date_gmt":"2025-06-04T09:49:10","guid":{"rendered":"https:\/\/www.renthubsoftware.com\/?page_id=1752"},"modified":"2025-08-13T15:26:02","modified_gmt":"2025-08-13T13:26:02","slug":"remise-cles-automatique-gestion-location-voitures","status":"publish","type":"page","link":"https:\/\/www.renthubsoftware.com\/fr\/logiciel-de-gestion-cloud-pour-la-location-de-voitures\/remise-cles-automatique-gestion-location-voitures\/","title":{"rendered":"\u00c9change Automatique de Cl\u00e9s"},"content":{"rendered":"","protected":false},"excerpt":{"rendered":"","protected":false},"author":1,"featured_media":0,"parent":1188,"menu_order":0,"comment_status":"closed","ping_status":"closed","template":"","meta":{"footnotes":""},"class_list":["post-1752","page","type-page","status-publish","hentry"],"yoast_head":"<!-- This site is optimized with the Yoast SEO plugin v27.4 - https:\/\/yoast.com\/product\/yoast-seo-wordpress\/ -->\n<title>\u00c9change Automatique de Cl\u00e9s pour la Location de Voitures | Renthub Software<\/title>\n<meta name=\"description\" content=\"Prise en charge et retour de v\u00e9hicule automatis\u00e9s, sans personnel et sans horaire, avec des instructions automatis\u00e9es envoy\u00e9es au client pour la r\u00e9cup\u00e9ration des cl\u00e9s.\" \/>\n<meta name=\"robots\" content=\"index, follow, max-snippet:-1, max-image-preview:large, max-video-preview:-1\" \/>\n<link rel=\"canonical\" href=\"https:\/\/www.renthubsoftware.com\/fr\/logiciel-de-gestion-cloud-pour-la-location-de-voitures\/remise-cles-automatique-gestion-location-voitures\/\" \/>\n<meta property=\"og:locale\" content=\"fr_FR\" \/>\n<meta property=\"og:type\" content=\"article\" \/>\n<meta property=\"og:title\" content=\"\u00c9change Automatique de Cl\u00e9s pour la Location de Voitures | Renthub Software\" \/>\n<meta property=\"og:description\" content=\"Prise en charge et retour de v\u00e9hicule automatis\u00e9s, sans personnel et sans horaire, avec des instructions automatis\u00e9es envoy\u00e9es au client pour la r\u00e9cup\u00e9ration des cl\u00e9s.\" \/>\n<meta property=\"og:url\" content=\"https:\/\/www.renthubsoftware.com\/fr\/logiciel-de-gestion-cloud-pour-la-location-de-voitures\/remise-cles-automatique-gestion-location-voitures\/\" \/>\n<meta property=\"og:site_name\" content=\"Renthub Software\" \/>\n<meta property=\"article:publisher\" content=\"https:\/\/www.facebook.com\/Renthubsoftware\" \/>\n<meta property=\"article:modified_time\" content=\"2025-08-13T13:26:02+00:00\" \/>\n<meta name=\"twitter:card\" content=\"summary_large_image\" \/>\n<meta name=\"twitter:label1\" content=\"Dur\u00e9e de lecture estim\u00e9e\" \/>\n\t<meta name=\"twitter:data1\" content=\"5 minutes\" \/>\n<script type=\"application\/ld+json\" class=\"yoast-schema-graph\">{\"@context\":\"https:\\\/\\\/schema.org\",\"@graph\":[{\"@type\":\"WebPage\",\"@id\":\"https:\\\/\\\/www.renthubsoftware.com\\\/fr\\\/logiciel-de-gestion-cloud-pour-la-location-de-voitures\\\/remise-cles-automatique-gestion-location-voitures\\\/\",\"url\":\"https:\\\/\\\/www.renthubsoftware.com\\\/fr\\\/logiciel-de-gestion-cloud-pour-la-location-de-voitures\\\/remise-cles-automatique-gestion-location-voitures\\\/\",\"name\":\"\u00c9change Automatique de Cl\u00e9s pour la Location de Voitures | Renthub Software\",\"isPartOf\":{\"@id\":\"https:\\\/\\\/www.renthubsoftware.com\\\/fr\\\/#website\"},\"datePublished\":\"2025-06-04T09:49:10+00:00\",\"dateModified\":\"2025-08-13T13:26:02+00:00\",\"description\":\"Prise en charge et retour de v\u00e9hicule automatis\u00e9s, sans personnel et sans horaire, avec des instructions automatis\u00e9es envoy\u00e9es au client pour la r\u00e9cup\u00e9ration des cl\u00e9s.\",\"breadcrumb\":{\"@id\":\"https:\\\/\\\/www.renthubsoftware.com\\\/fr\\\/logiciel-de-gestion-cloud-pour-la-location-de-voitures\\\/remise-cles-automatique-gestion-location-voitures\\\/#breadcrumb\"},\"inLanguage\":\"fr-FR\",\"potentialAction\":[{\"@type\":\"ReadAction\",\"target\":[\"https:\\\/\\\/www.renthubsoftware.com\\\/fr\\\/logiciel-de-gestion-cloud-pour-la-location-de-voitures\\\/remise-cles-automatique-gestion-location-voitures\\\/\"]}]},{\"@type\":\"BreadcrumbList\",\"@id\":\"https:\\\/\\\/www.renthubsoftware.com\\\/fr\\\/logiciel-de-gestion-cloud-pour-la-location-de-voitures\\\/remise-cles-automatique-gestion-location-voitures\\\/#breadcrumb\",\"itemListElement\":[{\"@type\":\"ListItem\",\"position\":1,\"name\":\"Home\",\"item\":\"https:\\\/\\\/www.renthubsoftware.com\\\/fr\\\/logiciel-de-gestion-dans-le-cloud-pour-la-location\\\/\"},{\"@type\":\"ListItem\",\"position\":2,\"name\":\"Logiciel de Location de Voitures\",\"item\":\"https:\\\/\\\/www.renthubsoftware.com\\\/fr\\\/logiciel-de-gestion-cloud-pour-la-location-de-voitures\\\/\"},{\"@type\":\"ListItem\",\"position\":3,\"name\":\"\u00c9change Automatique de Cl\u00e9s\"}]},{\"@type\":\"WebSite\",\"@id\":\"https:\\\/\\\/www.renthubsoftware.com\\\/fr\\\/#website\",\"url\":\"https:\\\/\\\/www.renthubsoftware.com\\\/fr\\\/\",\"name\":\"Renthub Software\",\"description\":\"Software for Rental Companies\",\"publisher\":{\"@id\":\"https:\\\/\\\/www.renthubsoftware.com\\\/fr\\\/#organization\"},\"potentialAction\":[{\"@type\":\"SearchAction\",\"target\":{\"@type\":\"EntryPoint\",\"urlTemplate\":\"https:\\\/\\\/www.renthubsoftware.com\\\/fr\\\/?s={search_term_string}\"},\"query-input\":{\"@type\":\"PropertyValueSpecification\",\"valueRequired\":true,\"valueName\":\"search_term_string\"}}],\"inLanguage\":\"fr-FR\"},{\"@type\":\"Organization\",\"@id\":\"https:\\\/\\\/www.renthubsoftware.com\\\/fr\\\/#organization\",\"name\":\"Renthub Software\",\"url\":\"https:\\\/\\\/www.renthubsoftware.com\\\/fr\\\/\",\"logo\":{\"@type\":\"ImageObject\",\"inLanguage\":\"fr-FR\",\"@id\":\"https:\\\/\\\/www.renthubsoftware.com\\\/fr\\\/#\\\/schema\\\/logo\\\/image\\\/\",\"url\":\"https:\\\/\\\/eanzaiogum7.exactdn.com\\\/wp-content\\\/uploads\\\/2024\\\/12\\\/renthub-logo-1920.png?strip=all\",\"contentUrl\":\"https:\\\/\\\/eanzaiogum7.exactdn.com\\\/wp-content\\\/uploads\\\/2024\\\/12\\\/renthub-logo-1920.png?strip=all\",\"width\":1920,\"height\":634,\"caption\":\"Renthub Software\"},\"image\":{\"@id\":\"https:\\\/\\\/www.renthubsoftware.com\\\/fr\\\/#\\\/schema\\\/logo\\\/image\\\/\"},\"sameAs\":[\"https:\\\/\\\/www.facebook.com\\\/Renthubsoftware\",\"https:\\\/\\\/www.instagram.com\\\/renthubsoftware_italia\\\/\",\"https:\\\/\\\/www.linkedin.com\\\/company\\\/renthubsoftware\"]}]}<\/script>\n<!-- \/ Yoast SEO plugin. -->","yoast_head_json":{"title":"\u00c9change Automatique de Cl\u00e9s pour la Location de Voitures | Renthub Software","description":"Prise en charge et retour de v\u00e9hicule automatis\u00e9s, sans personnel et sans horaire, avec des instructions automatis\u00e9es envoy\u00e9es au client pour la r\u00e9cup\u00e9ration des cl\u00e9s.","robots":{"index":"index","follow":"follow","max-snippet":"max-snippet:-1","max-image-preview":"max-image-preview:large","max-video-preview":"max-video-preview:-1"},"canonical":"https:\/\/www.renthubsoftware.com\/fr\/logiciel-de-gestion-cloud-pour-la-location-de-voitures\/remise-cles-automatique-gestion-location-voitures\/","og_locale":"fr_FR","og_type":"article","og_title":"\u00c9change Automatique de Cl\u00e9s pour la Location de Voitures | Renthub Software","og_description":"Prise en charge et retour de v\u00e9hicule automatis\u00e9s, sans personnel et sans horaire, avec des instructions automatis\u00e9es envoy\u00e9es au client pour la r\u00e9cup\u00e9ration des cl\u00e9s.","og_url":"https:\/\/www.renthubsoftware.com\/fr\/logiciel-de-gestion-cloud-pour-la-location-de-voitures\/remise-cles-automatique-gestion-location-voitures\/","og_site_name":"Renthub Software","article_publisher":"https:\/\/www.facebook.com\/Renthubsoftware","article_modified_time":"2025-08-13T13:26:02+00:00","twitter_card":"summary_large_image","twitter_misc":{"Dur\u00e9e de lecture estim\u00e9e":"5 minutes"},"schema":{"@context":"https:\/\/schema.org","@graph":[{"@type":"WebPage","@id":"https:\/\/www.renthubsoftware.com\/fr\/logiciel-de-gestion-cloud-pour-la-location-de-voitures\/remise-cles-automatique-gestion-location-voitures\/","url":"https:\/\/www.renthubsoftware.com\/fr\/logiciel-de-gestion-cloud-pour-la-location-de-voitures\/remise-cles-automatique-gestion-location-voitures\/","name":"\u00c9change Automatique de Cl\u00e9s pour la Location de Voitures | Renthub Software","isPartOf":{"@id":"https:\/\/www.renthubsoftware.com\/fr\/#website"},"datePublished":"2025-06-04T09:49:10+00:00","dateModified":"2025-08-13T13:26:02+00:00","description":"Prise en charge et retour de v\u00e9hicule automatis\u00e9s, sans personnel et sans horaire, avec des instructions automatis\u00e9es envoy\u00e9es au client pour la r\u00e9cup\u00e9ration des cl\u00e9s.","breadcrumb":{"@id":"https:\/\/www.renthubsoftware.com\/fr\/logiciel-de-gestion-cloud-pour-la-location-de-voitures\/remise-cles-automatique-gestion-location-voitures\/#breadcrumb"},"inLanguage":"fr-FR","potentialAction":[{"@type":"ReadAction","target":["https:\/\/www.renthubsoftware.com\/fr\/logiciel-de-gestion-cloud-pour-la-location-de-voitures\/remise-cles-automatique-gestion-location-voitures\/"]}]},{"@type":"BreadcrumbList","@id":"https:\/\/www.renthubsoftware.com\/fr\/logiciel-de-gestion-cloud-pour-la-location-de-voitures\/remise-cles-automatique-gestion-location-voitures\/#breadcrumb","itemListElement":[{"@type":"ListItem","position":1,"name":"Home","item":"https:\/\/www.renthubsoftware.com\/fr\/logiciel-de-gestion-dans-le-cloud-pour-la-location\/"},{"@type":"ListItem","position":2,"name":"Logiciel de Location de Voitures","item":"https:\/\/www.renthubsoftware.com\/fr\/logiciel-de-gestion-cloud-pour-la-location-de-voitures\/"},{"@type":"ListItem","position":3,"name":"\u00c9change Automatique de Cl\u00e9s"}]},{"@type":"WebSite","@id":"https:\/\/www.renthubsoftware.com\/fr\/#website","url":"https:\/\/www.renthubsoftware.com\/fr\/","name":"Renthub Software","description":"Software for Rental Companies","publisher":{"@id":"https:\/\/www.renthubsoftware.com\/fr\/#organization"},"potentialAction":[{"@type":"SearchAction","target":{"@type":"EntryPoint","urlTemplate":"https:\/\/www.renthubsoftware.com\/fr\/?s={search_term_string}"},"query-input":{"@type":"PropertyValueSpecification","valueRequired":true,"valueName":"search_term_string"}}],"inLanguage":"fr-FR"},{"@type":"Organization","@id":"https:\/\/www.renthubsoftware.com\/fr\/#organization","name":"Renthub Software","url":"https:\/\/www.renthubsoftware.com\/fr\/","logo":{"@type":"ImageObject","inLanguage":"fr-FR","@id":"https:\/\/www.renthubsoftware.com\/fr\/#\/schema\/logo\/image\/","url":"https:\/\/eanzaiogum7.exactdn.com\/wp-content\/uploads\/2024\/12\/renthub-logo-1920.png?strip=all","contentUrl":"https:\/\/eanzaiogum7.exactdn.com\/wp-content\/uploads\/2024\/12\/renthub-logo-1920.png?strip=all","width":1920,"height":634,"caption":"Renthub Software"},"image":{"@id":"https:\/\/www.renthubsoftware.com\/fr\/#\/schema\/logo\/image\/"},"sameAs":["https:\/\/www.facebook.com\/Renthubsoftware","https:\/\/www.instagram.com\/renthubsoftware_italia\/","https:\/\/www.linkedin.com\/company\/renthubsoftware"]}]}},"_links":{"self":[{"href":"https:\/\/www.renthubsoftware.com\/fr\/wp-json\/wp\/v2\/pages\/1752","targetHints":{"allow":["GET"]}}],"collection":[{"href":"https:\/\/www.renthubsoftware.com\/fr\/wp-json\/wp\/v2\/pages"}],"about":[{"href":"https:\/\/www.renthubsoftware.com\/fr\/wp-json\/wp\/v2\/types\/page"}],"author":[{"embeddable":true,"href":"https:\/\/www.renthubsoftware.com\/fr\/wp-json\/wp\/v2\/users\/1"}],"replies":[{"embeddable":true,"href":"https:\/\/www.renthubsoftware.com\/fr\/wp-json\/wp\/v2\/comments?post=1752"}],"version-history":[{"count":3,"href":"https:\/\/www.renthubsoftware.com\/fr\/wp-json\/wp\/v2\/pages\/1752\/revisions"}],"predecessor-version":[{"id":2416,"href":"https:\/\/www.renthubsoftware.com\/fr\/wp-json\/wp\/v2\/pages\/1752\/revisions\/2416"}],"up":[{"embeddable":true,"href":"https:\/\/www.renthubsoftware.com\/fr\/wp-json\/wp\/v2\/pages\/1188"}],"wp:attachment":[{"href":"https:\/\/www.renthubsoftware.com\/fr\/wp-json\/wp\/v2\/media?parent=1752"}],"curies":[{"name":"wp","href":"https:\/\/api.w.org\/{rel}","templated":true}]}}