{"id":3135,"date":"2025-10-10T15:34:09","date_gmt":"2025-10-10T13:34:09","guid":{"rendered":"https:\/\/www.renthubsoftware.com\/?page_id=3135"},"modified":"2025-10-22T12:12:50","modified_gmt":"2025-10-22T10:12:50","slug":"logiciel-gestion-cloud-location-voiture","status":"publish","type":"page","link":"https:\/\/www.renthubsoftware.com\/fr\/logiciel-gestion-cloud-location-voiture\/","title":{"rendered":"Logiciel de gestion cloud pour location de voitures &#8211; Campagna ADS"},"content":{"rendered":"","protected":false},"excerpt":{"rendered":"","protected":false},"author":1,"featured_media":0,"parent":0,"menu_order":0,"comment_status":"closed","ping_status":"closed","template":"","meta":{"footnotes":""},"class_list":["post-3135","page","type-page","status-publish","hentry"],"yoast_head":"<!-- This site is optimized with the Yoast SEO plugin v27.3 - https:\/\/yoast.com\/product\/yoast-seo-wordpress\/ -->\n<title>Renthub | Logiciel de gestion cloud pour location de voitures<\/title>\n<meta name=\"description\" content=\"Le meilleur logiciel pour g\u00e9rer votre flotte de v\u00e9hicules. Bas\u00e9 sur le cloud, modulaire, personnalisable, int\u00e9grable. Solution compl\u00e8te tout-en-un. D\u00e9mo gratuite.\" \/>\n<meta name=\"robots\" content=\"index, follow, max-snippet:-1, max-image-preview:large, max-video-preview:-1\" \/>\n<link rel=\"canonical\" href=\"https:\/\/www.renthubsoftware.com\/fr\/logiciel-gestion-cloud-location-voiture\/\" \/>\n<meta property=\"og:locale\" content=\"fr_FR\" \/>\n<meta property=\"og:type\" content=\"article\" \/>\n<meta property=\"og:title\" content=\"Renthub | Logiciel de gestion cloud pour location de voitures\" \/>\n<meta property=\"og:description\" content=\"Le meilleur logiciel pour g\u00e9rer votre flotte de v\u00e9hicules. Bas\u00e9 sur le cloud, modulaire, personnalisable, int\u00e9grable. Solution compl\u00e8te tout-en-un. D\u00e9mo gratuite.\" \/>\n<meta property=\"og:url\" content=\"https:\/\/www.renthubsoftware.com\/fr\/logiciel-gestion-cloud-location-voiture\/\" \/>\n<meta property=\"og:site_name\" content=\"Renthub Software\" \/>\n<meta property=\"article:publisher\" content=\"https:\/\/www.facebook.com\/Renthubsoftware\" \/>\n<meta property=\"article:modified_time\" content=\"2025-10-22T10:12:50+00:00\" \/>\n<meta name=\"twitter:card\" content=\"summary_large_image\" \/>\n<meta name=\"twitter:label1\" content=\"Dur\u00e9e de lecture estim\u00e9e\" \/>\n\t<meta name=\"twitter:data1\" content=\"26 minutes\" \/>\n<script type=\"application\/ld+json\" class=\"yoast-schema-graph\">{\"@context\":\"https:\\\/\\\/schema.org\",\"@graph\":[{\"@type\":\"WebPage\",\"@id\":\"https:\\\/\\\/www.renthubsoftware.com\\\/fr\\\/logiciel-gestion-cloud-location-voiture\\\/\",\"url\":\"https:\\\/\\\/www.renthubsoftware.com\\\/fr\\\/logiciel-gestion-cloud-location-voiture\\\/\",\"name\":\"Renthub | Logiciel de gestion cloud pour location de voitures\",\"isPartOf\":{\"@id\":\"https:\\\/\\\/www.renthubsoftware.com\\\/fr\\\/#website\"},\"datePublished\":\"2025-10-10T13:34:09+00:00\",\"dateModified\":\"2025-10-22T10:12:50+00:00\",\"description\":\"Le meilleur logiciel pour g\u00e9rer votre flotte de v\u00e9hicules. Bas\u00e9 sur le cloud, modulaire, personnalisable, int\u00e9grable. Solution compl\u00e8te tout-en-un. D\u00e9mo gratuite.\",\"breadcrumb\":{\"@id\":\"https:\\\/\\\/www.renthubsoftware.com\\\/fr\\\/logiciel-gestion-cloud-location-voiture\\\/#breadcrumb\"},\"inLanguage\":\"fr-FR\",\"potentialAction\":[{\"@type\":\"ReadAction\",\"target\":[\"https:\\\/\\\/www.renthubsoftware.com\\\/fr\\\/logiciel-gestion-cloud-location-voiture\\\/\"]}]},{\"@type\":\"BreadcrumbList\",\"@id\":\"https:\\\/\\\/www.renthubsoftware.com\\\/fr\\\/logiciel-gestion-cloud-location-voiture\\\/#breadcrumb\",\"itemListElement\":[{\"@type\":\"ListItem\",\"position\":1,\"name\":\"Home\",\"item\":\"https:\\\/\\\/www.renthubsoftware.com\\\/fr\\\/logiciel-de-gestion-dans-le-cloud-pour-la-location\\\/\"},{\"@type\":\"ListItem\",\"position\":2,\"name\":\"Logiciel de gestion cloud pour location de voitures &#8211; Campagna ADS\"}]},{\"@type\":\"WebSite\",\"@id\":\"https:\\\/\\\/www.renthubsoftware.com\\\/fr\\\/#website\",\"url\":\"https:\\\/\\\/www.renthubsoftware.com\\\/fr\\\/\",\"name\":\"Renthub Software\",\"description\":\"Software for Rental Companies\",\"publisher\":{\"@id\":\"https:\\\/\\\/www.renthubsoftware.com\\\/fr\\\/#organization\"},\"potentialAction\":[{\"@type\":\"SearchAction\",\"target\":{\"@type\":\"EntryPoint\",\"urlTemplate\":\"https:\\\/\\\/www.renthubsoftware.com\\\/fr\\\/?s={search_term_string}\"},\"query-input\":{\"@type\":\"PropertyValueSpecification\",\"valueRequired\":true,\"valueName\":\"search_term_string\"}}],\"inLanguage\":\"fr-FR\"},{\"@type\":\"Organization\",\"@id\":\"https:\\\/\\\/www.renthubsoftware.com\\\/fr\\\/#organization\",\"name\":\"Renthub Software\",\"url\":\"https:\\\/\\\/www.renthubsoftware.com\\\/fr\\\/\",\"logo\":{\"@type\":\"ImageObject\",\"inLanguage\":\"fr-FR\",\"@id\":\"https:\\\/\\\/www.renthubsoftware.com\\\/fr\\\/#\\\/schema\\\/logo\\\/image\\\/\",\"url\":\"https:\\\/\\\/eanzaiogum7.exactdn.com\\\/wp-content\\\/uploads\\\/2024\\\/12\\\/renthub-logo-1920.png?strip=all\",\"contentUrl\":\"https:\\\/\\\/eanzaiogum7.exactdn.com\\\/wp-content\\\/uploads\\\/2024\\\/12\\\/renthub-logo-1920.png?strip=all\",\"width\":1920,\"height\":634,\"caption\":\"Renthub Software\"},\"image\":{\"@id\":\"https:\\\/\\\/www.renthubsoftware.com\\\/fr\\\/#\\\/schema\\\/logo\\\/image\\\/\"},\"sameAs\":[\"https:\\\/\\\/www.facebook.com\\\/Renthubsoftware\",\"https:\\\/\\\/www.instagram.com\\\/renthubsoftware_italia\\\/\",\"https:\\\/\\\/www.linkedin.com\\\/company\\\/renthubsoftware\"]}]}<\/script>\n<!-- \/ Yoast SEO plugin. -->","yoast_head_json":{"title":"Renthub | Logiciel de gestion cloud pour location de voitures","description":"Le meilleur logiciel pour g\u00e9rer votre flotte de v\u00e9hicules. Bas\u00e9 sur le cloud, modulaire, personnalisable, int\u00e9grable. Solution compl\u00e8te tout-en-un. D\u00e9mo gratuite.","robots":{"index":"index","follow":"follow","max-snippet":"max-snippet:-1","max-image-preview":"max-image-preview:large","max-video-preview":"max-video-preview:-1"},"canonical":"https:\/\/www.renthubsoftware.com\/fr\/logiciel-gestion-cloud-location-voiture\/","og_locale":"fr_FR","og_type":"article","og_title":"Renthub | Logiciel de gestion cloud pour location de voitures","og_description":"Le meilleur logiciel pour g\u00e9rer votre flotte de v\u00e9hicules. Bas\u00e9 sur le cloud, modulaire, personnalisable, int\u00e9grable. Solution compl\u00e8te tout-en-un. D\u00e9mo gratuite.","og_url":"https:\/\/www.renthubsoftware.com\/fr\/logiciel-gestion-cloud-location-voiture\/","og_site_name":"Renthub Software","article_publisher":"https:\/\/www.facebook.com\/Renthubsoftware","article_modified_time":"2025-10-22T10:12:50+00:00","twitter_card":"summary_large_image","twitter_misc":{"Dur\u00e9e de lecture estim\u00e9e":"26 minutes"},"schema":{"@context":"https:\/\/schema.org","@graph":[{"@type":"WebPage","@id":"https:\/\/www.renthubsoftware.com\/fr\/logiciel-gestion-cloud-location-voiture\/","url":"https:\/\/www.renthubsoftware.com\/fr\/logiciel-gestion-cloud-location-voiture\/","name":"Renthub | Logiciel de gestion cloud pour location de voitures","isPartOf":{"@id":"https:\/\/www.renthubsoftware.com\/fr\/#website"},"datePublished":"2025-10-10T13:34:09+00:00","dateModified":"2025-10-22T10:12:50+00:00","description":"Le meilleur logiciel pour g\u00e9rer votre flotte de v\u00e9hicules. Bas\u00e9 sur le cloud, modulaire, personnalisable, int\u00e9grable. Solution compl\u00e8te tout-en-un. D\u00e9mo gratuite.","breadcrumb":{"@id":"https:\/\/www.renthubsoftware.com\/fr\/logiciel-gestion-cloud-location-voiture\/#breadcrumb"},"inLanguage":"fr-FR","potentialAction":[{"@type":"ReadAction","target":["https:\/\/www.renthubsoftware.com\/fr\/logiciel-gestion-cloud-location-voiture\/"]}]},{"@type":"BreadcrumbList","@id":"https:\/\/www.renthubsoftware.com\/fr\/logiciel-gestion-cloud-location-voiture\/#breadcrumb","itemListElement":[{"@type":"ListItem","position":1,"name":"Home","item":"https:\/\/www.renthubsoftware.com\/fr\/logiciel-de-gestion-dans-le-cloud-pour-la-location\/"},{"@type":"ListItem","position":2,"name":"Logiciel de gestion cloud pour location de voitures &#8211; Campagna ADS"}]},{"@type":"WebSite","@id":"https:\/\/www.renthubsoftware.com\/fr\/#website","url":"https:\/\/www.renthubsoftware.com\/fr\/","name":"Renthub Software","description":"Software for Rental Companies","publisher":{"@id":"https:\/\/www.renthubsoftware.com\/fr\/#organization"},"potentialAction":[{"@type":"SearchAction","target":{"@type":"EntryPoint","urlTemplate":"https:\/\/www.renthubsoftware.com\/fr\/?s={search_term_string}"},"query-input":{"@type":"PropertyValueSpecification","valueRequired":true,"valueName":"search_term_string"}}],"inLanguage":"fr-FR"},{"@type":"Organization","@id":"https:\/\/www.renthubsoftware.com\/fr\/#organization","name":"Renthub Software","url":"https:\/\/www.renthubsoftware.com\/fr\/","logo":{"@type":"ImageObject","inLanguage":"fr-FR","@id":"https:\/\/www.renthubsoftware.com\/fr\/#\/schema\/logo\/image\/","url":"https:\/\/eanzaiogum7.exactdn.com\/wp-content\/uploads\/2024\/12\/renthub-logo-1920.png?strip=all","contentUrl":"https:\/\/eanzaiogum7.exactdn.com\/wp-content\/uploads\/2024\/12\/renthub-logo-1920.png?strip=all","width":1920,"height":634,"caption":"Renthub Software"},"image":{"@id":"https:\/\/www.renthubsoftware.com\/fr\/#\/schema\/logo\/image\/"},"sameAs":["https:\/\/www.facebook.com\/Renthubsoftware","https:\/\/www.instagram.com\/renthubsoftware_italia\/","https:\/\/www.linkedin.com\/company\/renthubsoftware"]}]}},"_links":{"self":[{"href":"https:\/\/www.renthubsoftware.com\/fr\/wp-json\/wp\/v2\/pages\/3135","targetHints":{"allow":["GET"]}}],"collection":[{"href":"https:\/\/www.renthubsoftware.com\/fr\/wp-json\/wp\/v2\/pages"}],"about":[{"href":"https:\/\/www.renthubsoftware.com\/fr\/wp-json\/wp\/v2\/types\/page"}],"author":[{"embeddable":true,"href":"https:\/\/www.renthubsoftware.com\/fr\/wp-json\/wp\/v2\/users\/1"}],"replies":[{"embeddable":true,"href":"https:\/\/www.renthubsoftware.com\/fr\/wp-json\/wp\/v2\/comments?post=3135"}],"version-history":[{"count":1,"href":"https:\/\/www.renthubsoftware.com\/fr\/wp-json\/wp\/v2\/pages\/3135\/revisions"}],"predecessor-version":[{"id":3136,"href":"https:\/\/www.renthubsoftware.com\/fr\/wp-json\/wp\/v2\/pages\/3135\/revisions\/3136"}],"wp:attachment":[{"href":"https:\/\/www.renthubsoftware.com\/fr\/wp-json\/wp\/v2\/media?parent=3135"}],"curies":[{"name":"wp","href":"https:\/\/api.w.org\/{rel}","templated":true}]}}