{"id":3221,"date":"2025-10-28T16:23:35","date_gmt":"2025-10-28T15:23:35","guid":{"rendered":"https:\/\/www.renthubsoftware.com\/?page_id=3221"},"modified":"2025-10-29T16:34:19","modified_gmt":"2025-10-29T15:34:19","slug":"logiciel-de-gestion-de-location-de-voitures-cloud-petites-moyennes-grandes-entreprises","status":"publish","type":"page","link":"https:\/\/www.renthubsoftware.com\/fr\/logiciel-de-gestion-cloud-pour-la-location-de-voitures\/logiciel-de-gestion-de-location-de-voitures-cloud-petites-moyennes-grandes-entreprises\/","title":{"rendered":"Logiciel de gestion pour toute taille d&#8217;agence de location"},"content":{"rendered":"","protected":false},"excerpt":{"rendered":"","protected":false},"author":1,"featured_media":0,"parent":1188,"menu_order":0,"comment_status":"closed","ping_status":"closed","template":"","meta":{"footnotes":""},"class_list":["post-3221","page","type-page","status-publish","hentry"],"yoast_head":"<!-- This site is optimized with the Yoast SEO plugin v27.3 - https:\/\/yoast.com\/product\/yoast-seo-wordpress\/ -->\n<title>Logiciel de gestion pour toute taille d&#039;agence de location. - Renthub Software<\/title>\n<meta name=\"description\" content=\"S\u2019adapte \u00e0 vos besoins op\u00e9rationnels r\u00e9els : des petites entreprises locales aux agences de location structur\u00e9es, jusqu\u2019aux exigences complexes des grandes entreprises.\" \/>\n<meta name=\"robots\" content=\"index, follow, max-snippet:-1, max-image-preview:large, max-video-preview:-1\" \/>\n<link rel=\"canonical\" href=\"https:\/\/www.renthubsoftware.com\/fr\/logiciel-de-gestion-cloud-pour-la-location-de-voitures\/logiciel-de-gestion-de-location-de-voitures-cloud-petites-moyennes-grandes-entreprises\/\" \/>\n<meta property=\"og:locale\" content=\"fr_FR\" \/>\n<meta property=\"og:type\" content=\"article\" \/>\n<meta property=\"og:title\" content=\"Logiciel de gestion pour toute taille d&#039;agence de location. - Renthub Software\" \/>\n<meta property=\"og:description\" content=\"S\u2019adapte \u00e0 vos besoins op\u00e9rationnels r\u00e9els : des petites entreprises locales aux agences de location structur\u00e9es, jusqu\u2019aux exigences complexes des grandes entreprises.\" \/>\n<meta property=\"og:url\" content=\"https:\/\/www.renthubsoftware.com\/fr\/logiciel-de-gestion-cloud-pour-la-location-de-voitures\/logiciel-de-gestion-de-location-de-voitures-cloud-petites-moyennes-grandes-entreprises\/\" \/>\n<meta property=\"og:site_name\" content=\"Renthub Software\" \/>\n<meta property=\"article:publisher\" content=\"https:\/\/www.facebook.com\/Renthubsoftware\" \/>\n<meta property=\"article:modified_time\" content=\"2025-10-29T15:34:19+00:00\" \/>\n<meta name=\"twitter:card\" content=\"summary_large_image\" \/>\n<meta name=\"twitter:label1\" content=\"Dur\u00e9e de lecture estim\u00e9e\" \/>\n\t<meta name=\"twitter:data1\" content=\"12 minutes\" \/>\n<script type=\"application\/ld+json\" class=\"yoast-schema-graph\">{\"@context\":\"https:\\\/\\\/schema.org\",\"@graph\":[{\"@type\":\"WebPage\",\"@id\":\"https:\\\/\\\/www.renthubsoftware.com\\\/fr\\\/logiciel-de-gestion-cloud-pour-la-location-de-voitures\\\/logiciel-de-gestion-de-location-de-voitures-cloud-petites-moyennes-grandes-entreprises\\\/\",\"url\":\"https:\\\/\\\/www.renthubsoftware.com\\\/fr\\\/logiciel-de-gestion-cloud-pour-la-location-de-voitures\\\/logiciel-de-gestion-de-location-de-voitures-cloud-petites-moyennes-grandes-entreprises\\\/\",\"name\":\"Logiciel de gestion pour toute taille d'agence de location. - Renthub Software\",\"isPartOf\":{\"@id\":\"https:\\\/\\\/www.renthubsoftware.com\\\/fr\\\/#website\"},\"datePublished\":\"2025-10-28T15:23:35+00:00\",\"dateModified\":\"2025-10-29T15:34:19+00:00\",\"description\":\"S\u2019adapte \u00e0 vos besoins op\u00e9rationnels r\u00e9els : des petites entreprises locales aux agences de location structur\u00e9es, jusqu\u2019aux exigences complexes des grandes entreprises.\",\"breadcrumb\":{\"@id\":\"https:\\\/\\\/www.renthubsoftware.com\\\/fr\\\/logiciel-de-gestion-cloud-pour-la-location-de-voitures\\\/logiciel-de-gestion-de-location-de-voitures-cloud-petites-moyennes-grandes-entreprises\\\/#breadcrumb\"},\"inLanguage\":\"fr-FR\",\"potentialAction\":[{\"@type\":\"ReadAction\",\"target\":[\"https:\\\/\\\/www.renthubsoftware.com\\\/fr\\\/logiciel-de-gestion-cloud-pour-la-location-de-voitures\\\/logiciel-de-gestion-de-location-de-voitures-cloud-petites-moyennes-grandes-entreprises\\\/\"]}]},{\"@type\":\"BreadcrumbList\",\"@id\":\"https:\\\/\\\/www.renthubsoftware.com\\\/fr\\\/logiciel-de-gestion-cloud-pour-la-location-de-voitures\\\/logiciel-de-gestion-de-location-de-voitures-cloud-petites-moyennes-grandes-entreprises\\\/#breadcrumb\",\"itemListElement\":[{\"@type\":\"ListItem\",\"position\":1,\"name\":\"Home\",\"item\":\"https:\\\/\\\/www.renthubsoftware.com\\\/fr\\\/logiciel-de-gestion-dans-le-cloud-pour-la-location\\\/\"},{\"@type\":\"ListItem\",\"position\":2,\"name\":\"Logiciel de gestion pour toute taille d&#8217;agence de location\"}]},{\"@type\":\"WebSite\",\"@id\":\"https:\\\/\\\/www.renthubsoftware.com\\\/fr\\\/#website\",\"url\":\"https:\\\/\\\/www.renthubsoftware.com\\\/fr\\\/\",\"name\":\"Renthub Software\",\"description\":\"Software for Rental Companies\",\"publisher\":{\"@id\":\"https:\\\/\\\/www.renthubsoftware.com\\\/fr\\\/#organization\"},\"potentialAction\":[{\"@type\":\"SearchAction\",\"target\":{\"@type\":\"EntryPoint\",\"urlTemplate\":\"https:\\\/\\\/www.renthubsoftware.com\\\/fr\\\/?s={search_term_string}\"},\"query-input\":{\"@type\":\"PropertyValueSpecification\",\"valueRequired\":true,\"valueName\":\"search_term_string\"}}],\"inLanguage\":\"fr-FR\"},{\"@type\":\"Organization\",\"@id\":\"https:\\\/\\\/www.renthubsoftware.com\\\/fr\\\/#organization\",\"name\":\"Renthub Software\",\"url\":\"https:\\\/\\\/www.renthubsoftware.com\\\/fr\\\/\",\"logo\":{\"@type\":\"ImageObject\",\"inLanguage\":\"fr-FR\",\"@id\":\"https:\\\/\\\/www.renthubsoftware.com\\\/fr\\\/#\\\/schema\\\/logo\\\/image\\\/\",\"url\":\"https:\\\/\\\/eanzaiogum7.exactdn.com\\\/wp-content\\\/uploads\\\/2024\\\/12\\\/renthub-logo-1920.png?strip=all\",\"contentUrl\":\"https:\\\/\\\/eanzaiogum7.exactdn.com\\\/wp-content\\\/uploads\\\/2024\\\/12\\\/renthub-logo-1920.png?strip=all\",\"width\":1920,\"height\":634,\"caption\":\"Renthub Software\"},\"image\":{\"@id\":\"https:\\\/\\\/www.renthubsoftware.com\\\/fr\\\/#\\\/schema\\\/logo\\\/image\\\/\"},\"sameAs\":[\"https:\\\/\\\/www.facebook.com\\\/Renthubsoftware\",\"https:\\\/\\\/www.instagram.com\\\/renthubsoftware_italia\\\/\",\"https:\\\/\\\/www.linkedin.com\\\/company\\\/renthubsoftware\"]}]}<\/script>\n<!-- \/ Yoast SEO plugin. -->","yoast_head_json":{"title":"Logiciel de gestion pour toute taille d'agence de location. - Renthub Software","description":"S\u2019adapte \u00e0 vos besoins op\u00e9rationnels r\u00e9els : des petites entreprises locales aux agences de location structur\u00e9es, jusqu\u2019aux exigences complexes des grandes entreprises.","robots":{"index":"index","follow":"follow","max-snippet":"max-snippet:-1","max-image-preview":"max-image-preview:large","max-video-preview":"max-video-preview:-1"},"canonical":"https:\/\/www.renthubsoftware.com\/fr\/logiciel-de-gestion-cloud-pour-la-location-de-voitures\/logiciel-de-gestion-de-location-de-voitures-cloud-petites-moyennes-grandes-entreprises\/","og_locale":"fr_FR","og_type":"article","og_title":"Logiciel de gestion pour toute taille d'agence de location. - Renthub Software","og_description":"S\u2019adapte \u00e0 vos besoins op\u00e9rationnels r\u00e9els : des petites entreprises locales aux agences de location structur\u00e9es, jusqu\u2019aux exigences complexes des grandes entreprises.","og_url":"https:\/\/www.renthubsoftware.com\/fr\/logiciel-de-gestion-cloud-pour-la-location-de-voitures\/logiciel-de-gestion-de-location-de-voitures-cloud-petites-moyennes-grandes-entreprises\/","og_site_name":"Renthub Software","article_publisher":"https:\/\/www.facebook.com\/Renthubsoftware","article_modified_time":"2025-10-29T15:34:19+00:00","twitter_card":"summary_large_image","twitter_misc":{"Dur\u00e9e de lecture estim\u00e9e":"12 minutes"},"schema":{"@context":"https:\/\/schema.org","@graph":[{"@type":"WebPage","@id":"https:\/\/www.renthubsoftware.com\/fr\/logiciel-de-gestion-cloud-pour-la-location-de-voitures\/logiciel-de-gestion-de-location-de-voitures-cloud-petites-moyennes-grandes-entreprises\/","url":"https:\/\/www.renthubsoftware.com\/fr\/logiciel-de-gestion-cloud-pour-la-location-de-voitures\/logiciel-de-gestion-de-location-de-voitures-cloud-petites-moyennes-grandes-entreprises\/","name":"Logiciel de gestion pour toute taille d'agence de location. - Renthub Software","isPartOf":{"@id":"https:\/\/www.renthubsoftware.com\/fr\/#website"},"datePublished":"2025-10-28T15:23:35+00:00","dateModified":"2025-10-29T15:34:19+00:00","description":"S\u2019adapte \u00e0 vos besoins op\u00e9rationnels r\u00e9els : des petites entreprises locales aux agences de location structur\u00e9es, jusqu\u2019aux exigences complexes des grandes entreprises.","breadcrumb":{"@id":"https:\/\/www.renthubsoftware.com\/fr\/logiciel-de-gestion-cloud-pour-la-location-de-voitures\/logiciel-de-gestion-de-location-de-voitures-cloud-petites-moyennes-grandes-entreprises\/#breadcrumb"},"inLanguage":"fr-FR","potentialAction":[{"@type":"ReadAction","target":["https:\/\/www.renthubsoftware.com\/fr\/logiciel-de-gestion-cloud-pour-la-location-de-voitures\/logiciel-de-gestion-de-location-de-voitures-cloud-petites-moyennes-grandes-entreprises\/"]}]},{"@type":"BreadcrumbList","@id":"https:\/\/www.renthubsoftware.com\/fr\/logiciel-de-gestion-cloud-pour-la-location-de-voitures\/logiciel-de-gestion-de-location-de-voitures-cloud-petites-moyennes-grandes-entreprises\/#breadcrumb","itemListElement":[{"@type":"ListItem","position":1,"name":"Home","item":"https:\/\/www.renthubsoftware.com\/fr\/logiciel-de-gestion-dans-le-cloud-pour-la-location\/"},{"@type":"ListItem","position":2,"name":"Logiciel de gestion pour toute taille d&#8217;agence de location"}]},{"@type":"WebSite","@id":"https:\/\/www.renthubsoftware.com\/fr\/#website","url":"https:\/\/www.renthubsoftware.com\/fr\/","name":"Renthub Software","description":"Software for Rental Companies","publisher":{"@id":"https:\/\/www.renthubsoftware.com\/fr\/#organization"},"potentialAction":[{"@type":"SearchAction","target":{"@type":"EntryPoint","urlTemplate":"https:\/\/www.renthubsoftware.com\/fr\/?s={search_term_string}"},"query-input":{"@type":"PropertyValueSpecification","valueRequired":true,"valueName":"search_term_string"}}],"inLanguage":"fr-FR"},{"@type":"Organization","@id":"https:\/\/www.renthubsoftware.com\/fr\/#organization","name":"Renthub Software","url":"https:\/\/www.renthubsoftware.com\/fr\/","logo":{"@type":"ImageObject","inLanguage":"fr-FR","@id":"https:\/\/www.renthubsoftware.com\/fr\/#\/schema\/logo\/image\/","url":"https:\/\/eanzaiogum7.exactdn.com\/wp-content\/uploads\/2024\/12\/renthub-logo-1920.png?strip=all","contentUrl":"https:\/\/eanzaiogum7.exactdn.com\/wp-content\/uploads\/2024\/12\/renthub-logo-1920.png?strip=all","width":1920,"height":634,"caption":"Renthub Software"},"image":{"@id":"https:\/\/www.renthubsoftware.com\/fr\/#\/schema\/logo\/image\/"},"sameAs":["https:\/\/www.facebook.com\/Renthubsoftware","https:\/\/www.instagram.com\/renthubsoftware_italia\/","https:\/\/www.linkedin.com\/company\/renthubsoftware"]}]}},"_links":{"self":[{"href":"https:\/\/www.renthubsoftware.com\/fr\/wp-json\/wp\/v2\/pages\/3221","targetHints":{"allow":["GET"]}}],"collection":[{"href":"https:\/\/www.renthubsoftware.com\/fr\/wp-json\/wp\/v2\/pages"}],"about":[{"href":"https:\/\/www.renthubsoftware.com\/fr\/wp-json\/wp\/v2\/types\/page"}],"author":[{"embeddable":true,"href":"https:\/\/www.renthubsoftware.com\/fr\/wp-json\/wp\/v2\/users\/1"}],"replies":[{"embeddable":true,"href":"https:\/\/www.renthubsoftware.com\/fr\/wp-json\/wp\/v2\/comments?post=3221"}],"version-history":[{"count":3,"href":"https:\/\/www.renthubsoftware.com\/fr\/wp-json\/wp\/v2\/pages\/3221\/revisions"}],"predecessor-version":[{"id":3240,"href":"https:\/\/www.renthubsoftware.com\/fr\/wp-json\/wp\/v2\/pages\/3221\/revisions\/3240"}],"up":[{"embeddable":true,"href":"https:\/\/www.renthubsoftware.com\/fr\/wp-json\/wp\/v2\/pages\/1188"}],"wp:attachment":[{"href":"https:\/\/www.renthubsoftware.com\/fr\/wp-json\/wp\/v2\/media?parent=3221"}],"curies":[{"name":"wp","href":"https:\/\/api.w.org\/{rel}","templated":true}]}}