{"id":4598,"date":"2026-04-17T12:29:53","date_gmt":"2026-04-17T10:29:53","guid":{"rendered":"https:\/\/www.renthubsoftware.com\/?page_id=4598"},"modified":"2026-04-22T14:52:22","modified_gmt":"2026-04-22T12:52:22","slug":"gestion-litiges-basee-intelligence-artificielle-gestion-locations-voitures","status":"publish","type":"page","link":"https:\/\/www.renthubsoftware.com\/fr\/logiciel-de-gestion-cloud-pour-la-location-de-voitures\/gestion-litiges-basee-intelligence-artificielle-gestion-locations-voitures\/","title":{"rendered":"Gestion des contraventions pour la location de voitures bas\u00e9e sur l&#8217;IA"},"content":{"rendered":"","protected":false},"excerpt":{"rendered":"","protected":false},"author":1,"featured_media":0,"parent":1188,"menu_order":0,"comment_status":"closed","ping_status":"closed","template":"","meta":{"footnotes":""},"class_list":["post-4598","page","type-page","status-publish","hentry"],"yoast_head":"<!-- This site is optimized with the Yoast SEO plugin v27.4 - https:\/\/yoast.com\/product\/yoast-seo-wordpress\/ -->\n<title>Gestion des contraventions location de voitures bas\u00e9e sur l&#039;IA | Renthub Software<\/title>\n<meta name=\"description\" content=\"Automatisez vos rapports et r\u00e9clamations gr\u00e2ce \u00e0 l&#039;intelligence de RhAI\u00a0: g\u00e9rez les frais et les co\u00fbts, envoyez des notifications et assurez le suivi. R\u00e9duisez les erreurs et les pertes de temps.\" \/>\n<meta name=\"robots\" content=\"index, follow, max-snippet:-1, max-image-preview:large, max-video-preview:-1\" \/>\n<link rel=\"canonical\" href=\"https:\/\/www.renthubsoftware.com\/fr\/logiciel-de-gestion-cloud-pour-la-location-de-voitures\/gestion-litiges-basee-intelligence-artificielle-gestion-locations-voitures\/\" \/>\n<meta property=\"og:locale\" content=\"fr_FR\" \/>\n<meta property=\"og:type\" content=\"article\" \/>\n<meta property=\"og:title\" content=\"Gestion des contraventions location de voitures bas\u00e9e sur l&#039;IA | Renthub Software\" \/>\n<meta property=\"og:description\" content=\"Automatisez vos rapports et r\u00e9clamations gr\u00e2ce \u00e0 l&#039;intelligence de RhAI\u00a0: g\u00e9rez les frais et les co\u00fbts, envoyez des notifications et assurez le suivi. R\u00e9duisez les erreurs et les pertes de temps.\" \/>\n<meta property=\"og:url\" content=\"https:\/\/www.renthubsoftware.com\/fr\/logiciel-de-gestion-cloud-pour-la-location-de-voitures\/gestion-litiges-basee-intelligence-artificielle-gestion-locations-voitures\/\" \/>\n<meta property=\"og:site_name\" content=\"Renthub Software\" \/>\n<meta property=\"article:publisher\" content=\"https:\/\/www.facebook.com\/Renthubsoftware\" \/>\n<meta property=\"article:modified_time\" content=\"2026-04-22T12:52:22+00:00\" \/>\n<meta name=\"twitter:card\" content=\"summary_large_image\" \/>\n<meta name=\"twitter:label1\" content=\"Dur\u00e9e de lecture estim\u00e9e\" \/>\n\t<meta name=\"twitter:data1\" content=\"8 minutes\" \/>\n<script type=\"application\/ld+json\" class=\"yoast-schema-graph\">{\"@context\":\"https:\\\/\\\/schema.org\",\"@graph\":[{\"@type\":\"WebPage\",\"@id\":\"https:\\\/\\\/www.renthubsoftware.com\\\/fr\\\/logiciel-de-gestion-cloud-pour-la-location-de-voitures\\\/gestion-litiges-basee-intelligence-artificielle-gestion-locations-voitures\\\/\",\"url\":\"https:\\\/\\\/www.renthubsoftware.com\\\/fr\\\/logiciel-de-gestion-cloud-pour-la-location-de-voitures\\\/gestion-litiges-basee-intelligence-artificielle-gestion-locations-voitures\\\/\",\"name\":\"Gestion des contraventions location de voitures bas\u00e9e sur l'IA | Renthub Software\",\"isPartOf\":{\"@id\":\"https:\\\/\\\/www.renthubsoftware.com\\\/fr\\\/#website\"},\"datePublished\":\"2026-04-17T10:29:53+00:00\",\"dateModified\":\"2026-04-22T12:52:22+00:00\",\"description\":\"Automatisez vos rapports et r\u00e9clamations gr\u00e2ce \u00e0 l'intelligence de RhAI\u00a0: g\u00e9rez les frais et les co\u00fbts, envoyez des notifications et assurez le suivi. R\u00e9duisez les erreurs et les pertes de temps.\",\"breadcrumb\":{\"@id\":\"https:\\\/\\\/www.renthubsoftware.com\\\/fr\\\/logiciel-de-gestion-cloud-pour-la-location-de-voitures\\\/gestion-litiges-basee-intelligence-artificielle-gestion-locations-voitures\\\/#breadcrumb\"},\"inLanguage\":\"fr-FR\",\"potentialAction\":[{\"@type\":\"ReadAction\",\"target\":[\"https:\\\/\\\/www.renthubsoftware.com\\\/fr\\\/logiciel-de-gestion-cloud-pour-la-location-de-voitures\\\/gestion-litiges-basee-intelligence-artificielle-gestion-locations-voitures\\\/\"]}]},{\"@type\":\"BreadcrumbList\",\"@id\":\"https:\\\/\\\/www.renthubsoftware.com\\\/fr\\\/logiciel-de-gestion-cloud-pour-la-location-de-voitures\\\/gestion-litiges-basee-intelligence-artificielle-gestion-locations-voitures\\\/#breadcrumb\",\"itemListElement\":[{\"@type\":\"ListItem\",\"position\":1,\"name\":\"Home\",\"item\":\"https:\\\/\\\/www.renthubsoftware.com\\\/fr\\\/logiciel-de-gestion-dans-le-cloud-pour-la-location\\\/\"},{\"@type\":\"ListItem\",\"position\":2,\"name\":\"Logiciel de Location de Voitures\",\"item\":\"https:\\\/\\\/www.renthubsoftware.com\\\/fr\\\/logiciel-de-gestion-cloud-pour-la-location-de-voitures\\\/\"},{\"@type\":\"ListItem\",\"position\":3,\"name\":\"Gestion des contraventions pour la location de voitures bas\u00e9e sur l&#8217;IA\"}]},{\"@type\":\"WebSite\",\"@id\":\"https:\\\/\\\/www.renthubsoftware.com\\\/fr\\\/#website\",\"url\":\"https:\\\/\\\/www.renthubsoftware.com\\\/fr\\\/\",\"name\":\"Renthub Software\",\"description\":\"Software for Rental Companies\",\"publisher\":{\"@id\":\"https:\\\/\\\/www.renthubsoftware.com\\\/fr\\\/#organization\"},\"potentialAction\":[{\"@type\":\"SearchAction\",\"target\":{\"@type\":\"EntryPoint\",\"urlTemplate\":\"https:\\\/\\\/www.renthubsoftware.com\\\/fr\\\/?s={search_term_string}\"},\"query-input\":{\"@type\":\"PropertyValueSpecification\",\"valueRequired\":true,\"valueName\":\"search_term_string\"}}],\"inLanguage\":\"fr-FR\"},{\"@type\":\"Organization\",\"@id\":\"https:\\\/\\\/www.renthubsoftware.com\\\/fr\\\/#organization\",\"name\":\"Renthub Software\",\"url\":\"https:\\\/\\\/www.renthubsoftware.com\\\/fr\\\/\",\"logo\":{\"@type\":\"ImageObject\",\"inLanguage\":\"fr-FR\",\"@id\":\"https:\\\/\\\/www.renthubsoftware.com\\\/fr\\\/#\\\/schema\\\/logo\\\/image\\\/\",\"url\":\"https:\\\/\\\/eanzaiogum7.exactdn.com\\\/wp-content\\\/uploads\\\/2024\\\/12\\\/renthub-logo-1920.png?strip=all\",\"contentUrl\":\"https:\\\/\\\/eanzaiogum7.exactdn.com\\\/wp-content\\\/uploads\\\/2024\\\/12\\\/renthub-logo-1920.png?strip=all\",\"width\":1920,\"height\":634,\"caption\":\"Renthub Software\"},\"image\":{\"@id\":\"https:\\\/\\\/www.renthubsoftware.com\\\/fr\\\/#\\\/schema\\\/logo\\\/image\\\/\"},\"sameAs\":[\"https:\\\/\\\/www.facebook.com\\\/Renthubsoftware\",\"https:\\\/\\\/www.instagram.com\\\/renthubsoftware_italia\\\/\",\"https:\\\/\\\/www.linkedin.com\\\/company\\\/renthubsoftware\"]}]}<\/script>\n<!-- \/ Yoast SEO plugin. -->","yoast_head_json":{"title":"Gestion des contraventions location de voitures bas\u00e9e sur l'IA | Renthub Software","description":"Automatisez vos rapports et r\u00e9clamations gr\u00e2ce \u00e0 l'intelligence de RhAI\u00a0: g\u00e9rez les frais et les co\u00fbts, envoyez des notifications et assurez le suivi. R\u00e9duisez les erreurs et les pertes de temps.","robots":{"index":"index","follow":"follow","max-snippet":"max-snippet:-1","max-image-preview":"max-image-preview:large","max-video-preview":"max-video-preview:-1"},"canonical":"https:\/\/www.renthubsoftware.com\/fr\/logiciel-de-gestion-cloud-pour-la-location-de-voitures\/gestion-litiges-basee-intelligence-artificielle-gestion-locations-voitures\/","og_locale":"fr_FR","og_type":"article","og_title":"Gestion des contraventions location de voitures bas\u00e9e sur l'IA | Renthub Software","og_description":"Automatisez vos rapports et r\u00e9clamations gr\u00e2ce \u00e0 l'intelligence de RhAI\u00a0: g\u00e9rez les frais et les co\u00fbts, envoyez des notifications et assurez le suivi. R\u00e9duisez les erreurs et les pertes de temps.","og_url":"https:\/\/www.renthubsoftware.com\/fr\/logiciel-de-gestion-cloud-pour-la-location-de-voitures\/gestion-litiges-basee-intelligence-artificielle-gestion-locations-voitures\/","og_site_name":"Renthub Software","article_publisher":"https:\/\/www.facebook.com\/Renthubsoftware","article_modified_time":"2026-04-22T12:52:22+00:00","twitter_card":"summary_large_image","twitter_misc":{"Dur\u00e9e de lecture estim\u00e9e":"8 minutes"},"schema":{"@context":"https:\/\/schema.org","@graph":[{"@type":"WebPage","@id":"https:\/\/www.renthubsoftware.com\/fr\/logiciel-de-gestion-cloud-pour-la-location-de-voitures\/gestion-litiges-basee-intelligence-artificielle-gestion-locations-voitures\/","url":"https:\/\/www.renthubsoftware.com\/fr\/logiciel-de-gestion-cloud-pour-la-location-de-voitures\/gestion-litiges-basee-intelligence-artificielle-gestion-locations-voitures\/","name":"Gestion des contraventions location de voitures bas\u00e9e sur l'IA | Renthub Software","isPartOf":{"@id":"https:\/\/www.renthubsoftware.com\/fr\/#website"},"datePublished":"2026-04-17T10:29:53+00:00","dateModified":"2026-04-22T12:52:22+00:00","description":"Automatisez vos rapports et r\u00e9clamations gr\u00e2ce \u00e0 l'intelligence de RhAI\u00a0: g\u00e9rez les frais et les co\u00fbts, envoyez des notifications et assurez le suivi. R\u00e9duisez les erreurs et les pertes de temps.","breadcrumb":{"@id":"https:\/\/www.renthubsoftware.com\/fr\/logiciel-de-gestion-cloud-pour-la-location-de-voitures\/gestion-litiges-basee-intelligence-artificielle-gestion-locations-voitures\/#breadcrumb"},"inLanguage":"fr-FR","potentialAction":[{"@type":"ReadAction","target":["https:\/\/www.renthubsoftware.com\/fr\/logiciel-de-gestion-cloud-pour-la-location-de-voitures\/gestion-litiges-basee-intelligence-artificielle-gestion-locations-voitures\/"]}]},{"@type":"BreadcrumbList","@id":"https:\/\/www.renthubsoftware.com\/fr\/logiciel-de-gestion-cloud-pour-la-location-de-voitures\/gestion-litiges-basee-intelligence-artificielle-gestion-locations-voitures\/#breadcrumb","itemListElement":[{"@type":"ListItem","position":1,"name":"Home","item":"https:\/\/www.renthubsoftware.com\/fr\/logiciel-de-gestion-dans-le-cloud-pour-la-location\/"},{"@type":"ListItem","position":2,"name":"Logiciel de Location de Voitures","item":"https:\/\/www.renthubsoftware.com\/fr\/logiciel-de-gestion-cloud-pour-la-location-de-voitures\/"},{"@type":"ListItem","position":3,"name":"Gestion des contraventions pour la location de voitures bas\u00e9e sur l&#8217;IA"}]},{"@type":"WebSite","@id":"https:\/\/www.renthubsoftware.com\/fr\/#website","url":"https:\/\/www.renthubsoftware.com\/fr\/","name":"Renthub Software","description":"Software for Rental Companies","publisher":{"@id":"https:\/\/www.renthubsoftware.com\/fr\/#organization"},"potentialAction":[{"@type":"SearchAction","target":{"@type":"EntryPoint","urlTemplate":"https:\/\/www.renthubsoftware.com\/fr\/?s={search_term_string}"},"query-input":{"@type":"PropertyValueSpecification","valueRequired":true,"valueName":"search_term_string"}}],"inLanguage":"fr-FR"},{"@type":"Organization","@id":"https:\/\/www.renthubsoftware.com\/fr\/#organization","name":"Renthub Software","url":"https:\/\/www.renthubsoftware.com\/fr\/","logo":{"@type":"ImageObject","inLanguage":"fr-FR","@id":"https:\/\/www.renthubsoftware.com\/fr\/#\/schema\/logo\/image\/","url":"https:\/\/eanzaiogum7.exactdn.com\/wp-content\/uploads\/2024\/12\/renthub-logo-1920.png?strip=all","contentUrl":"https:\/\/eanzaiogum7.exactdn.com\/wp-content\/uploads\/2024\/12\/renthub-logo-1920.png?strip=all","width":1920,"height":634,"caption":"Renthub Software"},"image":{"@id":"https:\/\/www.renthubsoftware.com\/fr\/#\/schema\/logo\/image\/"},"sameAs":["https:\/\/www.facebook.com\/Renthubsoftware","https:\/\/www.instagram.com\/renthubsoftware_italia\/","https:\/\/www.linkedin.com\/company\/renthubsoftware"]}]}},"_links":{"self":[{"href":"https:\/\/www.renthubsoftware.com\/fr\/wp-json\/wp\/v2\/pages\/4598","targetHints":{"allow":["GET"]}}],"collection":[{"href":"https:\/\/www.renthubsoftware.com\/fr\/wp-json\/wp\/v2\/pages"}],"about":[{"href":"https:\/\/www.renthubsoftware.com\/fr\/wp-json\/wp\/v2\/types\/page"}],"author":[{"embeddable":true,"href":"https:\/\/www.renthubsoftware.com\/fr\/wp-json\/wp\/v2\/users\/1"}],"replies":[{"embeddable":true,"href":"https:\/\/www.renthubsoftware.com\/fr\/wp-json\/wp\/v2\/comments?post=4598"}],"version-history":[{"count":2,"href":"https:\/\/www.renthubsoftware.com\/fr\/wp-json\/wp\/v2\/pages\/4598\/revisions"}],"predecessor-version":[{"id":4662,"href":"https:\/\/www.renthubsoftware.com\/fr\/wp-json\/wp\/v2\/pages\/4598\/revisions\/4662"}],"up":[{"embeddable":true,"href":"https:\/\/www.renthubsoftware.com\/fr\/wp-json\/wp\/v2\/pages\/1188"}],"wp:attachment":[{"href":"https:\/\/www.renthubsoftware.com\/fr\/wp-json\/wp\/v2\/media?parent=4598"}],"curies":[{"name":"wp","href":"https:\/\/api.w.org\/{rel}","templated":true}]}}