{"id":1294,"date":"2025-04-16T14:41:40","date_gmt":"2025-04-16T12:41:40","guid":{"rendered":"https:\/\/www.renthubsoftware.com\/?page_id=1294"},"modified":"2025-08-25T10:31:03","modified_gmt":"2025-08-25T08:31:03","slug":"precos-software-em-cloud-gestao-aluguel-venda-ferramentas","status":"publish","type":"page","link":"https:\/\/www.renthubsoftware.com\/pt\/software-nuvem-gestao-aluguel-venda-equipamentos-servicos-eventos\/precos-software-em-cloud-gestao-aluguel-venda-ferramentas\/","title":{"rendered":"Pre\u00e7os do Software para Aluguel e Venda de Equipamentos"},"content":{"rendered":"","protected":false},"excerpt":{"rendered":"","protected":false},"author":1,"featured_media":0,"parent":1289,"menu_order":0,"comment_status":"closed","ping_status":"closed","template":"","meta":{"footnotes":""},"class_list":["post-1294","page","type-page","status-publish","hentry"],"yoast_head":"<!-- This site is optimized with the Yoast SEO plugin v27.4 - https:\/\/yoast.com\/product\/yoast-seo-wordpress\/ -->\n<title>Pre\u00e7os do software de gest\u00e3o para aluguel e venda de ferramentas<\/title>\n<meta name=\"description\" content=\"Planos tarif\u00e1rios flex\u00edveis conforme o n\u00famero de armaz\u00e9ns e usu\u00e1rios. Gerencie materiais e recursos com o \u00fanico software All-In-One que tamb\u00e9m \u00e9 CRM.\" \/>\n<meta name=\"robots\" content=\"index, follow, max-snippet:-1, max-image-preview:large, max-video-preview:-1\" \/>\n<link rel=\"canonical\" href=\"https:\/\/www.renthubsoftware.com\/pt\/software-nuvem-gestao-aluguel-venda-equipamentos-servicos-eventos\/precos-software-em-cloud-gestao-aluguel-venda-ferramentas\/\" \/>\n<meta property=\"og:locale\" content=\"pt_PT\" \/>\n<meta property=\"og:type\" content=\"article\" \/>\n<meta property=\"og:title\" content=\"Pre\u00e7os do software de gest\u00e3o para aluguel e venda de ferramentas\" \/>\n<meta property=\"og:description\" content=\"Planos tarif\u00e1rios flex\u00edveis conforme o n\u00famero de armaz\u00e9ns e usu\u00e1rios. Gerencie materiais e recursos com o \u00fanico software All-In-One que tamb\u00e9m \u00e9 CRM.\" \/>\n<meta property=\"og:url\" content=\"https:\/\/www.renthubsoftware.com\/pt\/software-nuvem-gestao-aluguel-venda-equipamentos-servicos-eventos\/precos-software-em-cloud-gestao-aluguel-venda-ferramentas\/\" \/>\n<meta property=\"og:site_name\" content=\"Renthub Software\" \/>\n<meta property=\"article:publisher\" content=\"https:\/\/www.facebook.com\/Renthubsoftware\" \/>\n<meta property=\"article:modified_time\" content=\"2025-08-25T08:31:03+00:00\" \/>\n<meta name=\"twitter:card\" content=\"summary_large_image\" \/>\n<meta name=\"twitter:label1\" content=\"Tempo estimado de leitura\" \/>\n\t<meta name=\"twitter:data1\" content=\"6 minutos\" \/>\n<script type=\"application\/ld+json\" class=\"yoast-schema-graph\">{\"@context\":\"https:\\\/\\\/schema.org\",\"@graph\":[{\"@type\":\"WebPage\",\"@id\":\"https:\\\/\\\/www.renthubsoftware.com\\\/pt\\\/software-nuvem-gestao-aluguel-venda-equipamentos-servicos-eventos\\\/precos-software-em-cloud-gestao-aluguel-venda-ferramentas\\\/\",\"url\":\"https:\\\/\\\/www.renthubsoftware.com\\\/pt\\\/software-nuvem-gestao-aluguel-venda-equipamentos-servicos-eventos\\\/precos-software-em-cloud-gestao-aluguel-venda-ferramentas\\\/\",\"name\":\"Pre\u00e7os do software de gest\u00e3o para aluguel e venda de ferramentas\",\"isPartOf\":{\"@id\":\"https:\\\/\\\/www.renthubsoftware.com\\\/pt\\\/#website\"},\"datePublished\":\"2025-04-16T12:41:40+00:00\",\"dateModified\":\"2025-08-25T08:31:03+00:00\",\"description\":\"Planos tarif\u00e1rios flex\u00edveis conforme o n\u00famero de armaz\u00e9ns e usu\u00e1rios. Gerencie materiais e recursos com o \u00fanico software All-In-One que tamb\u00e9m \u00e9 CRM.\",\"breadcrumb\":{\"@id\":\"https:\\\/\\\/www.renthubsoftware.com\\\/pt\\\/software-nuvem-gestao-aluguel-venda-equipamentos-servicos-eventos\\\/precos-software-em-cloud-gestao-aluguel-venda-ferramentas\\\/#breadcrumb\"},\"inLanguage\":\"pt-PT\",\"potentialAction\":[{\"@type\":\"ReadAction\",\"target\":[\"https:\\\/\\\/www.renthubsoftware.com\\\/pt\\\/software-nuvem-gestao-aluguel-venda-equipamentos-servicos-eventos\\\/precos-software-em-cloud-gestao-aluguel-venda-ferramentas\\\/\"]}]},{\"@type\":\"BreadcrumbList\",\"@id\":\"https:\\\/\\\/www.renthubsoftware.com\\\/pt\\\/software-nuvem-gestao-aluguel-venda-equipamentos-servicos-eventos\\\/precos-software-em-cloud-gestao-aluguel-venda-ferramentas\\\/#breadcrumb\",\"itemListElement\":[{\"@type\":\"ListItem\",\"position\":1,\"name\":\"Home\",\"item\":\"https:\\\/\\\/www.renthubsoftware.com\\\/pt\\\/\"},{\"@type\":\"ListItem\",\"position\":2,\"name\":\"Software de Gest\u00e3o para Aluguel e Venda de Equipamentos\",\"item\":\"https:\\\/\\\/www.renthubsoftware.com\\\/pt\\\/software-nuvem-gestao-aluguel-venda-equipamentos-servicos-eventos\\\/\"},{\"@type\":\"ListItem\",\"position\":3,\"name\":\"Pre\u00e7os do Software para Aluguel e Venda de Equipamentos\"}]},{\"@type\":\"WebSite\",\"@id\":\"https:\\\/\\\/www.renthubsoftware.com\\\/pt\\\/#website\",\"url\":\"https:\\\/\\\/www.renthubsoftware.com\\\/pt\\\/\",\"name\":\"Renthub Software\",\"description\":\"Software for Rental Companies\",\"publisher\":{\"@id\":\"https:\\\/\\\/www.renthubsoftware.com\\\/pt\\\/#organization\"},\"potentialAction\":[{\"@type\":\"SearchAction\",\"target\":{\"@type\":\"EntryPoint\",\"urlTemplate\":\"https:\\\/\\\/www.renthubsoftware.com\\\/pt\\\/?s={search_term_string}\"},\"query-input\":{\"@type\":\"PropertyValueSpecification\",\"valueRequired\":true,\"valueName\":\"search_term_string\"}}],\"inLanguage\":\"pt-PT\"},{\"@type\":\"Organization\",\"@id\":\"https:\\\/\\\/www.renthubsoftware.com\\\/pt\\\/#organization\",\"name\":\"Renthub Software\",\"url\":\"https:\\\/\\\/www.renthubsoftware.com\\\/pt\\\/\",\"logo\":{\"@type\":\"ImageObject\",\"inLanguage\":\"pt-PT\",\"@id\":\"https:\\\/\\\/www.renthubsoftware.com\\\/pt\\\/#\\\/schema\\\/logo\\\/image\\\/\",\"url\":\"https:\\\/\\\/eanzaiogum7.exactdn.com\\\/wp-content\\\/uploads\\\/2024\\\/12\\\/renthub-logo-1920.png?strip=all\",\"contentUrl\":\"https:\\\/\\\/eanzaiogum7.exactdn.com\\\/wp-content\\\/uploads\\\/2024\\\/12\\\/renthub-logo-1920.png?strip=all\",\"width\":1920,\"height\":634,\"caption\":\"Renthub Software\"},\"image\":{\"@id\":\"https:\\\/\\\/www.renthubsoftware.com\\\/pt\\\/#\\\/schema\\\/logo\\\/image\\\/\"},\"sameAs\":[\"https:\\\/\\\/www.facebook.com\\\/Renthubsoftware\",\"https:\\\/\\\/www.instagram.com\\\/renthubsoftware_italia\\\/\",\"https:\\\/\\\/www.linkedin.com\\\/company\\\/renthubsoftware\"]}]}<\/script>\n<!-- \/ Yoast SEO plugin. -->","yoast_head_json":{"title":"Pre\u00e7os do software de gest\u00e3o para aluguel e venda de ferramentas","description":"Planos tarif\u00e1rios flex\u00edveis conforme o n\u00famero de armaz\u00e9ns e usu\u00e1rios. Gerencie materiais e recursos com o \u00fanico software All-In-One que tamb\u00e9m \u00e9 CRM.","robots":{"index":"index","follow":"follow","max-snippet":"max-snippet:-1","max-image-preview":"max-image-preview:large","max-video-preview":"max-video-preview:-1"},"canonical":"https:\/\/www.renthubsoftware.com\/pt\/software-nuvem-gestao-aluguel-venda-equipamentos-servicos-eventos\/precos-software-em-cloud-gestao-aluguel-venda-ferramentas\/","og_locale":"pt_PT","og_type":"article","og_title":"Pre\u00e7os do software de gest\u00e3o para aluguel e venda de ferramentas","og_description":"Planos tarif\u00e1rios flex\u00edveis conforme o n\u00famero de armaz\u00e9ns e usu\u00e1rios. Gerencie materiais e recursos com o \u00fanico software All-In-One que tamb\u00e9m \u00e9 CRM.","og_url":"https:\/\/www.renthubsoftware.com\/pt\/software-nuvem-gestao-aluguel-venda-equipamentos-servicos-eventos\/precos-software-em-cloud-gestao-aluguel-venda-ferramentas\/","og_site_name":"Renthub Software","article_publisher":"https:\/\/www.facebook.com\/Renthubsoftware","article_modified_time":"2025-08-25T08:31:03+00:00","twitter_card":"summary_large_image","twitter_misc":{"Tempo estimado de leitura":"6 minutos"},"schema":{"@context":"https:\/\/schema.org","@graph":[{"@type":"WebPage","@id":"https:\/\/www.renthubsoftware.com\/pt\/software-nuvem-gestao-aluguel-venda-equipamentos-servicos-eventos\/precos-software-em-cloud-gestao-aluguel-venda-ferramentas\/","url":"https:\/\/www.renthubsoftware.com\/pt\/software-nuvem-gestao-aluguel-venda-equipamentos-servicos-eventos\/precos-software-em-cloud-gestao-aluguel-venda-ferramentas\/","name":"Pre\u00e7os do software de gest\u00e3o para aluguel e venda de ferramentas","isPartOf":{"@id":"https:\/\/www.renthubsoftware.com\/pt\/#website"},"datePublished":"2025-04-16T12:41:40+00:00","dateModified":"2025-08-25T08:31:03+00:00","description":"Planos tarif\u00e1rios flex\u00edveis conforme o n\u00famero de armaz\u00e9ns e usu\u00e1rios. Gerencie materiais e recursos com o \u00fanico software All-In-One que tamb\u00e9m \u00e9 CRM.","breadcrumb":{"@id":"https:\/\/www.renthubsoftware.com\/pt\/software-nuvem-gestao-aluguel-venda-equipamentos-servicos-eventos\/precos-software-em-cloud-gestao-aluguel-venda-ferramentas\/#breadcrumb"},"inLanguage":"pt-PT","potentialAction":[{"@type":"ReadAction","target":["https:\/\/www.renthubsoftware.com\/pt\/software-nuvem-gestao-aluguel-venda-equipamentos-servicos-eventos\/precos-software-em-cloud-gestao-aluguel-venda-ferramentas\/"]}]},{"@type":"BreadcrumbList","@id":"https:\/\/www.renthubsoftware.com\/pt\/software-nuvem-gestao-aluguel-venda-equipamentos-servicos-eventos\/precos-software-em-cloud-gestao-aluguel-venda-ferramentas\/#breadcrumb","itemListElement":[{"@type":"ListItem","position":1,"name":"Home","item":"https:\/\/www.renthubsoftware.com\/pt\/"},{"@type":"ListItem","position":2,"name":"Software de Gest\u00e3o para Aluguel e Venda de Equipamentos","item":"https:\/\/www.renthubsoftware.com\/pt\/software-nuvem-gestao-aluguel-venda-equipamentos-servicos-eventos\/"},{"@type":"ListItem","position":3,"name":"Pre\u00e7os do Software para Aluguel e Venda de Equipamentos"}]},{"@type":"WebSite","@id":"https:\/\/www.renthubsoftware.com\/pt\/#website","url":"https:\/\/www.renthubsoftware.com\/pt\/","name":"Renthub Software","description":"Software for Rental Companies","publisher":{"@id":"https:\/\/www.renthubsoftware.com\/pt\/#organization"},"potentialAction":[{"@type":"SearchAction","target":{"@type":"EntryPoint","urlTemplate":"https:\/\/www.renthubsoftware.com\/pt\/?s={search_term_string}"},"query-input":{"@type":"PropertyValueSpecification","valueRequired":true,"valueName":"search_term_string"}}],"inLanguage":"pt-PT"},{"@type":"Organization","@id":"https:\/\/www.renthubsoftware.com\/pt\/#organization","name":"Renthub Software","url":"https:\/\/www.renthubsoftware.com\/pt\/","logo":{"@type":"ImageObject","inLanguage":"pt-PT","@id":"https:\/\/www.renthubsoftware.com\/pt\/#\/schema\/logo\/image\/","url":"https:\/\/eanzaiogum7.exactdn.com\/wp-content\/uploads\/2024\/12\/renthub-logo-1920.png?strip=all","contentUrl":"https:\/\/eanzaiogum7.exactdn.com\/wp-content\/uploads\/2024\/12\/renthub-logo-1920.png?strip=all","width":1920,"height":634,"caption":"Renthub Software"},"image":{"@id":"https:\/\/www.renthubsoftware.com\/pt\/#\/schema\/logo\/image\/"},"sameAs":["https:\/\/www.facebook.com\/Renthubsoftware","https:\/\/www.instagram.com\/renthubsoftware_italia\/","https:\/\/www.linkedin.com\/company\/renthubsoftware"]}]}},"_links":{"self":[{"href":"https:\/\/www.renthubsoftware.com\/pt\/wp-json\/wp\/v2\/pages\/1294","targetHints":{"allow":["GET"]}}],"collection":[{"href":"https:\/\/www.renthubsoftware.com\/pt\/wp-json\/wp\/v2\/pages"}],"about":[{"href":"https:\/\/www.renthubsoftware.com\/pt\/wp-json\/wp\/v2\/types\/page"}],"author":[{"embeddable":true,"href":"https:\/\/www.renthubsoftware.com\/pt\/wp-json\/wp\/v2\/users\/1"}],"replies":[{"embeddable":true,"href":"https:\/\/www.renthubsoftware.com\/pt\/wp-json\/wp\/v2\/comments?post=1294"}],"version-history":[{"count":3,"href":"https:\/\/www.renthubsoftware.com\/pt\/wp-json\/wp\/v2\/pages\/1294\/revisions"}],"predecessor-version":[{"id":2557,"href":"https:\/\/www.renthubsoftware.com\/pt\/wp-json\/wp\/v2\/pages\/1294\/revisions\/2557"}],"up":[{"embeddable":true,"href":"https:\/\/www.renthubsoftware.com\/pt\/wp-json\/wp\/v2\/pages\/1289"}],"wp:attachment":[{"href":"https:\/\/www.renthubsoftware.com\/pt\/wp-json\/wp\/v2\/media?parent=1294"}],"curies":[{"name":"wp","href":"https:\/\/api.w.org\/{rel}","templated":true}]}}