{"id":2636,"date":"2025-02-12T15:32:25","date_gmt":"2025-02-12T14:32:25","guid":{"rendered":"https:\/\/www.renthubsoftware.com\/?page_id=2636"},"modified":"2026-03-27T09:14:04","modified_gmt":"2026-03-27T08:14:04","slug":"comunicacoes-automaticas-gestao-aluguel-com-motorista","status":"publish","type":"page","link":"https:\/\/www.renthubsoftware.com\/pt\/software-na-nuvem-gestao-transporte-privado-aluguel-com-motorista\/comunicacoes-automaticas-gestao-aluguel-com-motorista\/","title":{"rendered":"Automa\u00e7\u00e3o de Marketing para Gest\u00e3o de Aluguel com Motorista"},"content":{"rendered":"","protected":false},"excerpt":{"rendered":"","protected":false},"author":1,"featured_media":0,"parent":1081,"menu_order":0,"comment_status":"closed","ping_status":"closed","template":"","meta":{"footnotes":""},"class_list":["post-2636","page","type-page","status-publish","hentry"],"yoast_head":"<!-- This site is optimized with the Yoast SEO plugin v27.4 - https:\/\/yoast.com\/product\/yoast-seo-wordpress\/ -->\n<title>Comunica\u00e7\u00f5es Autom\u00e1ticas para Gest\u00e3o de Aluguel com Motorista<\/title>\n<meta name=\"description\" content=\"A mensagem certa, no momento certo, para a pessoa certa. Comunica\u00e7\u00f5es autom\u00e1ticas que s\u00e3o ativadas quando um evento espec\u00edfico ocorre. Modelos edit\u00e1veis.\" \/>\n<meta name=\"robots\" content=\"index, follow, max-snippet:-1, max-image-preview:large, max-video-preview:-1\" \/>\n<link rel=\"canonical\" href=\"https:\/\/www.renthubsoftware.com\/pt\/software-na-nuvem-gestao-transporte-privado-aluguel-com-motorista\/comunicacoes-automaticas-gestao-aluguel-com-motorista\/\" \/>\n<meta property=\"og:locale\" content=\"pt_PT\" \/>\n<meta property=\"og:type\" content=\"article\" \/>\n<meta property=\"og:title\" content=\"Comunica\u00e7\u00f5es Autom\u00e1ticas para Gest\u00e3o de Aluguel com Motorista\" \/>\n<meta property=\"og:description\" content=\"A mensagem certa, no momento certo, para a pessoa certa. Comunica\u00e7\u00f5es autom\u00e1ticas que s\u00e3o ativadas quando um evento espec\u00edfico ocorre. Modelos edit\u00e1veis.\" \/>\n<meta property=\"og:url\" content=\"https:\/\/www.renthubsoftware.com\/pt\/software-na-nuvem-gestao-transporte-privado-aluguel-com-motorista\/comunicacoes-automaticas-gestao-aluguel-com-motorista\/\" \/>\n<meta property=\"og:site_name\" content=\"Renthub Software\" \/>\n<meta property=\"article:publisher\" content=\"https:\/\/www.facebook.com\/Renthubsoftware\" \/>\n<meta property=\"article:modified_time\" content=\"2026-03-27T08:14:04+00:00\" \/>\n<meta name=\"twitter:card\" content=\"summary_large_image\" \/>\n<meta name=\"twitter:label1\" content=\"Tempo estimado de leitura\" \/>\n\t<meta name=\"twitter:data1\" content=\"4 minutos\" \/>\n<script type=\"application\/ld+json\" class=\"yoast-schema-graph\">{\"@context\":\"https:\\\/\\\/schema.org\",\"@graph\":[{\"@type\":\"WebPage\",\"@id\":\"https:\\\/\\\/www.renthubsoftware.com\\\/pt\\\/software-na-nuvem-gestao-transporte-privado-aluguel-com-motorista\\\/comunicacoes-automaticas-gestao-aluguel-com-motorista\\\/\",\"url\":\"https:\\\/\\\/www.renthubsoftware.com\\\/pt\\\/software-na-nuvem-gestao-transporte-privado-aluguel-com-motorista\\\/comunicacoes-automaticas-gestao-aluguel-com-motorista\\\/\",\"name\":\"Comunica\u00e7\u00f5es Autom\u00e1ticas para Gest\u00e3o de Aluguel com Motorista\",\"isPartOf\":{\"@id\":\"https:\\\/\\\/www.renthubsoftware.com\\\/pt\\\/#website\"},\"datePublished\":\"2025-02-12T14:32:25+00:00\",\"dateModified\":\"2026-03-27T08:14:04+00:00\",\"description\":\"A mensagem certa, no momento certo, para a pessoa certa. Comunica\u00e7\u00f5es autom\u00e1ticas que s\u00e3o ativadas quando um evento espec\u00edfico ocorre. Modelos edit\u00e1veis.\",\"breadcrumb\":{\"@id\":\"https:\\\/\\\/www.renthubsoftware.com\\\/pt\\\/software-na-nuvem-gestao-transporte-privado-aluguel-com-motorista\\\/comunicacoes-automaticas-gestao-aluguel-com-motorista\\\/#breadcrumb\"},\"inLanguage\":\"pt-PT\",\"potentialAction\":[{\"@type\":\"ReadAction\",\"target\":[\"https:\\\/\\\/www.renthubsoftware.com\\\/pt\\\/software-na-nuvem-gestao-transporte-privado-aluguel-com-motorista\\\/comunicacoes-automaticas-gestao-aluguel-com-motorista\\\/\"]}]},{\"@type\":\"BreadcrumbList\",\"@id\":\"https:\\\/\\\/www.renthubsoftware.com\\\/pt\\\/software-na-nuvem-gestao-transporte-privado-aluguel-com-motorista\\\/comunicacoes-automaticas-gestao-aluguel-com-motorista\\\/#breadcrumb\",\"itemListElement\":[{\"@type\":\"ListItem\",\"position\":1,\"name\":\"Home\",\"item\":\"https:\\\/\\\/www.renthubsoftware.com\\\/pt\\\/\"},{\"@type\":\"ListItem\",\"position\":2,\"name\":\"Software de Gest\u00e3o de Aluguel com Motorista\",\"item\":\"https:\\\/\\\/www.renthubsoftware.com\\\/pt\\\/software-na-nuvem-gestao-transporte-privado-aluguel-com-motorista\\\/\"},{\"@type\":\"ListItem\",\"position\":3,\"name\":\"Automa\u00e7\u00e3o de Marketing para Gest\u00e3o de Aluguel com Motorista\"}]},{\"@type\":\"WebSite\",\"@id\":\"https:\\\/\\\/www.renthubsoftware.com\\\/pt\\\/#website\",\"url\":\"https:\\\/\\\/www.renthubsoftware.com\\\/pt\\\/\",\"name\":\"Renthub Software\",\"description\":\"Software for Rental Companies\",\"publisher\":{\"@id\":\"https:\\\/\\\/www.renthubsoftware.com\\\/pt\\\/#organization\"},\"potentialAction\":[{\"@type\":\"SearchAction\",\"target\":{\"@type\":\"EntryPoint\",\"urlTemplate\":\"https:\\\/\\\/www.renthubsoftware.com\\\/pt\\\/?s={search_term_string}\"},\"query-input\":{\"@type\":\"PropertyValueSpecification\",\"valueRequired\":true,\"valueName\":\"search_term_string\"}}],\"inLanguage\":\"pt-PT\"},{\"@type\":\"Organization\",\"@id\":\"https:\\\/\\\/www.renthubsoftware.com\\\/pt\\\/#organization\",\"name\":\"Renthub Software\",\"url\":\"https:\\\/\\\/www.renthubsoftware.com\\\/pt\\\/\",\"logo\":{\"@type\":\"ImageObject\",\"inLanguage\":\"pt-PT\",\"@id\":\"https:\\\/\\\/www.renthubsoftware.com\\\/pt\\\/#\\\/schema\\\/logo\\\/image\\\/\",\"url\":\"https:\\\/\\\/eanzaiogum7.exactdn.com\\\/wp-content\\\/uploads\\\/2024\\\/12\\\/renthub-logo-1920.png?strip=all\",\"contentUrl\":\"https:\\\/\\\/eanzaiogum7.exactdn.com\\\/wp-content\\\/uploads\\\/2024\\\/12\\\/renthub-logo-1920.png?strip=all\",\"width\":1920,\"height\":634,\"caption\":\"Renthub Software\"},\"image\":{\"@id\":\"https:\\\/\\\/www.renthubsoftware.com\\\/pt\\\/#\\\/schema\\\/logo\\\/image\\\/\"},\"sameAs\":[\"https:\\\/\\\/www.facebook.com\\\/Renthubsoftware\",\"https:\\\/\\\/www.instagram.com\\\/renthubsoftware_italia\\\/\",\"https:\\\/\\\/www.linkedin.com\\\/company\\\/renthubsoftware\"]}]}<\/script>\n<!-- \/ Yoast SEO plugin. -->","yoast_head_json":{"title":"Comunica\u00e7\u00f5es Autom\u00e1ticas para Gest\u00e3o de Aluguel com Motorista","description":"A mensagem certa, no momento certo, para a pessoa certa. Comunica\u00e7\u00f5es autom\u00e1ticas que s\u00e3o ativadas quando um evento espec\u00edfico ocorre. Modelos edit\u00e1veis.","robots":{"index":"index","follow":"follow","max-snippet":"max-snippet:-1","max-image-preview":"max-image-preview:large","max-video-preview":"max-video-preview:-1"},"canonical":"https:\/\/www.renthubsoftware.com\/pt\/software-na-nuvem-gestao-transporte-privado-aluguel-com-motorista\/comunicacoes-automaticas-gestao-aluguel-com-motorista\/","og_locale":"pt_PT","og_type":"article","og_title":"Comunica\u00e7\u00f5es Autom\u00e1ticas para Gest\u00e3o de Aluguel com Motorista","og_description":"A mensagem certa, no momento certo, para a pessoa certa. Comunica\u00e7\u00f5es autom\u00e1ticas que s\u00e3o ativadas quando um evento espec\u00edfico ocorre. Modelos edit\u00e1veis.","og_url":"https:\/\/www.renthubsoftware.com\/pt\/software-na-nuvem-gestao-transporte-privado-aluguel-com-motorista\/comunicacoes-automaticas-gestao-aluguel-com-motorista\/","og_site_name":"Renthub Software","article_publisher":"https:\/\/www.facebook.com\/Renthubsoftware","article_modified_time":"2026-03-27T08:14:04+00:00","twitter_card":"summary_large_image","twitter_misc":{"Tempo estimado de leitura":"4 minutos"},"schema":{"@context":"https:\/\/schema.org","@graph":[{"@type":"WebPage","@id":"https:\/\/www.renthubsoftware.com\/pt\/software-na-nuvem-gestao-transporte-privado-aluguel-com-motorista\/comunicacoes-automaticas-gestao-aluguel-com-motorista\/","url":"https:\/\/www.renthubsoftware.com\/pt\/software-na-nuvem-gestao-transporte-privado-aluguel-com-motorista\/comunicacoes-automaticas-gestao-aluguel-com-motorista\/","name":"Comunica\u00e7\u00f5es Autom\u00e1ticas para Gest\u00e3o de Aluguel com Motorista","isPartOf":{"@id":"https:\/\/www.renthubsoftware.com\/pt\/#website"},"datePublished":"2025-02-12T14:32:25+00:00","dateModified":"2026-03-27T08:14:04+00:00","description":"A mensagem certa, no momento certo, para a pessoa certa. Comunica\u00e7\u00f5es autom\u00e1ticas que s\u00e3o ativadas quando um evento espec\u00edfico ocorre. Modelos edit\u00e1veis.","breadcrumb":{"@id":"https:\/\/www.renthubsoftware.com\/pt\/software-na-nuvem-gestao-transporte-privado-aluguel-com-motorista\/comunicacoes-automaticas-gestao-aluguel-com-motorista\/#breadcrumb"},"inLanguage":"pt-PT","potentialAction":[{"@type":"ReadAction","target":["https:\/\/www.renthubsoftware.com\/pt\/software-na-nuvem-gestao-transporte-privado-aluguel-com-motorista\/comunicacoes-automaticas-gestao-aluguel-com-motorista\/"]}]},{"@type":"BreadcrumbList","@id":"https:\/\/www.renthubsoftware.com\/pt\/software-na-nuvem-gestao-transporte-privado-aluguel-com-motorista\/comunicacoes-automaticas-gestao-aluguel-com-motorista\/#breadcrumb","itemListElement":[{"@type":"ListItem","position":1,"name":"Home","item":"https:\/\/www.renthubsoftware.com\/pt\/"},{"@type":"ListItem","position":2,"name":"Software de Gest\u00e3o de Aluguel com Motorista","item":"https:\/\/www.renthubsoftware.com\/pt\/software-na-nuvem-gestao-transporte-privado-aluguel-com-motorista\/"},{"@type":"ListItem","position":3,"name":"Automa\u00e7\u00e3o de Marketing para Gest\u00e3o de Aluguel com Motorista"}]},{"@type":"WebSite","@id":"https:\/\/www.renthubsoftware.com\/pt\/#website","url":"https:\/\/www.renthubsoftware.com\/pt\/","name":"Renthub Software","description":"Software for Rental Companies","publisher":{"@id":"https:\/\/www.renthubsoftware.com\/pt\/#organization"},"potentialAction":[{"@type":"SearchAction","target":{"@type":"EntryPoint","urlTemplate":"https:\/\/www.renthubsoftware.com\/pt\/?s={search_term_string}"},"query-input":{"@type":"PropertyValueSpecification","valueRequired":true,"valueName":"search_term_string"}}],"inLanguage":"pt-PT"},{"@type":"Organization","@id":"https:\/\/www.renthubsoftware.com\/pt\/#organization","name":"Renthub Software","url":"https:\/\/www.renthubsoftware.com\/pt\/","logo":{"@type":"ImageObject","inLanguage":"pt-PT","@id":"https:\/\/www.renthubsoftware.com\/pt\/#\/schema\/logo\/image\/","url":"https:\/\/eanzaiogum7.exactdn.com\/wp-content\/uploads\/2024\/12\/renthub-logo-1920.png?strip=all","contentUrl":"https:\/\/eanzaiogum7.exactdn.com\/wp-content\/uploads\/2024\/12\/renthub-logo-1920.png?strip=all","width":1920,"height":634,"caption":"Renthub Software"},"image":{"@id":"https:\/\/www.renthubsoftware.com\/pt\/#\/schema\/logo\/image\/"},"sameAs":["https:\/\/www.facebook.com\/Renthubsoftware","https:\/\/www.instagram.com\/renthubsoftware_italia\/","https:\/\/www.linkedin.com\/company\/renthubsoftware"]}]}},"_links":{"self":[{"href":"https:\/\/www.renthubsoftware.com\/pt\/wp-json\/wp\/v2\/pages\/2636","targetHints":{"allow":["GET"]}}],"collection":[{"href":"https:\/\/www.renthubsoftware.com\/pt\/wp-json\/wp\/v2\/pages"}],"about":[{"href":"https:\/\/www.renthubsoftware.com\/pt\/wp-json\/wp\/v2\/types\/page"}],"author":[{"embeddable":true,"href":"https:\/\/www.renthubsoftware.com\/pt\/wp-json\/wp\/v2\/users\/1"}],"replies":[{"embeddable":true,"href":"https:\/\/www.renthubsoftware.com\/pt\/wp-json\/wp\/v2\/comments?post=2636"}],"version-history":[{"count":2,"href":"https:\/\/www.renthubsoftware.com\/pt\/wp-json\/wp\/v2\/pages\/2636\/revisions"}],"predecessor-version":[{"id":2824,"href":"https:\/\/www.renthubsoftware.com\/pt\/wp-json\/wp\/v2\/pages\/2636\/revisions\/2824"}],"up":[{"embeddable":true,"href":"https:\/\/www.renthubsoftware.com\/pt\/wp-json\/wp\/v2\/pages\/1081"}],"wp:attachment":[{"href":"https:\/\/www.renthubsoftware.com\/pt\/wp-json\/wp\/v2\/media?parent=2636"}],"curies":[{"name":"wp","href":"https:\/\/api.w.org\/{rel}","templated":true}]}}